{"id":5071,"date":"2022-10-03T17:53:28","date_gmt":"2022-10-03T17:53:28","guid":{"rendered":"https:\/\/iptvsmart.io\/?page_id=5071"},"modified":"2022-10-03T17:58:29","modified_gmt":"2022-10-03T17:58:29","slug":"erstattungsrichtlinie","status":"publish","type":"page","link":"https:\/\/iptvsmart.io\/germany\/erstattungsrichtlinie\/","title":{"rendered":"Refund Policy"},"content":{"rendered":"<div data-elementor-type=\"wp-page\" data-elementor-id=\"5071\" class=\"elementor elementor-5071\">\n\t\t\t\t\t\t<section class=\"elementor-section elementor-top-section elementor-element elementor-element-724da1b elementor-section-boxed elementor-section-height-default elementor-section-height-default\" data-id=\"724da1b\" data-element_type=\"section\">\n\t\t\t\t\t\t<div class=\"elementor-container elementor-column-gap-default\">\n\t\t\t\t\t<div class=\"elementor-column elementor-col-100 elementor-top-column elementor-element elementor-element-64718dc ot-flex-column-vertical\" data-id=\"64718dc\" data-element_type=\"column\">\n\t\t\t<div class=\"elementor-widget-wrap elementor-element-populated\">\n\t\t\t\t\t\t<div class=\"elementor-element elementor-element-f31d673 elementor-widget elementor-widget-spacer\" data-id=\"f31d673\" data-element_type=\"widget\" data-settings=\"{&quot;htmega_fe&quot;:&quot;no&quot;}\" data-widget_type=\"spacer.default\">\n\t\t\t\t<div class=\"elementor-widget-container\">\n\t\t\t\t\t\t\t<div class=\"elementor-spacer\">\n\t\t\t<div class=\"elementor-spacer-inner\"><\/div>\n\t\t<\/div>\n\t\t\t\t\t\t<\/div>\n\t\t\t\t<\/div>\n\t\t\t\t\t<\/div>\n\t\t<\/div>\n\t\t\t\t\t<\/div>\n\t\t<\/section>\n\t\t\t\t<section class=\"elementor-section elementor-top-section elementor-element elementor-element-a83ed71 elementor-section-boxed elementor-section-height-default elementor-section-height-default\" data-id=\"a83ed71\" data-element_type=\"section\">\n\t\t\t\t\t\t<div class=\"elementor-container elementor-column-gap-default\">\n\t\t\t\t\t<div class=\"elementor-column elementor-col-100 elementor-top-column elementor-element elementor-element-b81e468 ot-flex-column-vertical\" data-id=\"b81e468\" data-element_type=\"column\">\n\t\t\t<div class=\"elementor-widget-wrap elementor-element-populated\">\n\t\t\t\t\t\t<div class=\"elementor-element elementor-element-e0822d5 elementor-widget elementor-widget-text-editor\" data-id=\"e0822d5\" data-element_type=\"widget\" data-settings=\"{&quot;htmega_fe&quot;:&quot;no&quot;}\" data-widget_type=\"text-editor.default\">\n\t\t\t\t<div class=\"elementor-widget-container\">\n\t\t\t\t\t\t\t\t\t<p>Bitte lesen Sie die folgenden Hinweise sorgf\u00e4ltig durch, bevor Sie eine Erstattung beantragen:<\/p><p>Wir glauben fest an unseren Dienst und unterst\u00fctzen ihn bedingungslos, aber wir verstehen, dass er nicht immer und f\u00fcr jeden perfekt funktionieren kann.<\/p><p>Bevor Sie ein Abonnement abschlie\u00dfen, empfehlen wir Ihnen, eine kostenlose 24-Stunden-Testversion anzufordern. Wir haben diese Option eingerichtet, damit Sie unseren Service testen k\u00f6nnen, bevor Sie ein langfristiges Abonnement abschlie\u00dfen.<\/p><p>Erstattungsf\u00e4hige F\u00e4lle:<\/p><p>- Die volle R\u00fcckerstattung gilt innerhalb der ersten 30 Tage der Nutzung und nur f\u00fcr Abonnements von 6 Monaten und mehr.<\/p><p>- Die volle R\u00fcckerstattung gilt nur f\u00fcr Abonnements mit einer Laufzeit von 6 Monaten oder mehr. Sie k\u00f6nnen immer noch eine kostenlose 24-Stunden-Testversion erhalten, bevor Sie ein langfristiges Abonnement abschlie\u00dfen.<\/p><p>- Wenn Sie ein Abonnement f\u00fcr mehr als einen Monat abgeschlossen haben und nach den ersten 30 Tagen Probleme haben oder mit unserem Service nicht zufrieden sind, k\u00f6nnen wir Ihnen die verbleibende Zeit Ihres Abonnements zur\u00fcckerstatten.<\/p><p>- Wenn Sie irrt\u00fcmlich ein Abonnement statt des gew\u00fcnschten gew\u00e4hlt haben, k\u00f6nnen Sie sich auch mit uns in Verbindung setzen, um die R\u00fcckerstattung nach Pr\u00fcfung des Falles zu veranlassen.<\/p><p>Nicht erstattungsf\u00e4hige F\u00e4lle:<\/p><p>- Die R\u00fcckerstattung wird abgelehnt, wenn es sich um eine Fehlfunktion Ihrerseits handelt (eine schlechte Verbindung, ein defektes Ger\u00e4t und andere).<\/p><p>- Die Erstattung gilt nicht f\u00fcr ein (1) Monatsabonnement.<\/p><p>Unser Team steht Ihnen jederzeit zur Verf\u00fcgung, wenn Sie bei der Konfiguration des Dienstes auf Ihrem Ger\u00e4t auf Komplikationen sto\u00dfen oder andere technische Probleme haben; Sie k\u00f6nnen auch unsere Installationsanleitungen konsultieren.<\/p><p>Wenn Sie eine R\u00fcckerstattung w\u00fcnschen, kontaktieren Sie uns bitte per E-Mail: contact@iptvsmart.io oder \u00fcber unsere <a href=\"https:\/\/iptvsmart.io\/germany\/kontakte\/\" target=\"_blank\" rel=\"noopener\">Kontaktseite<\/a><\/p>\t\t\t\t\t\t\t\t<\/div>\n\t\t\t\t<\/div>\n\t\t\t\t\t<\/div>\n\t\t<\/div>\n\t\t\t\t\t<\/div>\n\t\t<\/section>\n\t\t\t\t<\/div>","protected":false},"excerpt":{"rendered":"<p>Please read the following carefully before requesting a refund: We strongly believe in our service and support it unconditionally, but we understand that it cannot work perfectly for everyone, all the time. Before taking out a subscription, we advise you to request a free 24-hour trial, we have set up this option so that you [&hellip;]<\/p>","protected":false},"author":1,"featured_media":0,"parent":0,"menu_order":0,"comment_status":"closed","ping_status":"closed","template":"","meta":{"footnotes":""},"class_list":["post-5071","page","type-page","status-publish","hentry"],"yoast_head":"<!-- This site is optimized with the Yoast SEO Premium plugin v26.4 (Yoast SEO v26.4) - https:\/\/yoast.com\/wordpress\/plugins\/seo\/ -->\n<title>IPTV SMART | Best IPTV International Provider<\/title>\n<meta name=\"description\" content=\"Try the best IPTV experience! +20000 TV &amp; +45000 VOD. Fast and stable | IPTV SMART | 24h free IPTV trial | Watch now on any device!\" \/>\n<meta name=\"robots\" content=\"index, follow, max-snippet:-1, max-image-preview:large, max-video-preview:-1\" \/>\n<link rel=\"canonical\" href=\"https:\/\/iptvsmart.io\/germany\/erstattungsrichtlinie\/\" \/>\n<meta property=\"og:locale\" content=\"de_DE\" \/>\n<meta property=\"og:type\" content=\"article\" \/>\n<meta property=\"og:title\" content=\"IPTV SMART\" \/>\n<meta property=\"og:description\" content=\"Try the best IPTV experience! +20000 TV &amp; +45000 VOD. Fast and stable | IPTV SMART | 24h free IPTV trial | Watch now on any device!\" \/>\n<meta property=\"og:url\" content=\"https:\/\/iptvsmart.io\/germany\/erstattungsrichtlinie\/\" \/>\n<meta property=\"og:site_name\" content=\"IPTV SMART\" \/>\n<meta property=\"article:modified_time\" content=\"2022-10-03T17:58:29+00:00\" \/>\n<meta property=\"og:image\" content=\"https:\/\/iptvsmart.io\/wp-content\/uploads\/2022\/09\/iptv-smart.png\" \/>\n\t<meta property=\"og:image:width\" content=\"1912\" \/>\n\t<meta property=\"og:image:height\" content=\"1364\" \/>\n\t<meta property=\"og:image:type\" content=\"image\/png\" \/>\n<meta name=\"twitter:card\" content=\"summary_large_image\" \/>\n<meta name=\"twitter:label1\" content=\"Gesch\u00e4tzte Lesezeit\" \/>\n\t<meta name=\"twitter:data1\" content=\"1\u00a0Minute\" \/>\n<script type=\"application\/ld+json\" class=\"yoast-schema-graph\">{\"@context\":\"https:\/\/schema.org\",\"@graph\":[{\"@type\":\"WebPage\",\"@id\":\"https:\/\/iptvsmart.io\/refund-policy\/\",\"url\":\"https:\/\/iptvsmart.io\/refund-policy\/\",\"name\":\"IPTV SMART | Best IPTV International Provider\",\"isPartOf\":{\"@id\":\"https:\/\/iptvsmart.io\/#website\"},\"datePublished\":\"2022-10-03T17:53:28+00:00\",\"dateModified\":\"2022-10-03T17:58:29+00:00\",\"description\":\"Try the best IPTV experience! +20000 TV & +45000 VOD. Fast and stable | IPTV SMART | 24h free IPTV trial | Watch now on any device!\",\"breadcrumb\":{\"@id\":\"https:\/\/iptvsmart.io\/refund-policy\/#breadcrumb\"},\"inLanguage\":\"de\",\"potentialAction\":[{\"@type\":\"ReadAction\",\"target\":[\"https:\/\/iptvsmart.io\/refund-policy\/\"]}]},{\"@type\":\"BreadcrumbList\",\"@id\":\"https:\/\/iptvsmart.io\/refund-policy\/#breadcrumb\",\"itemListElement\":[{\"@type\":\"ListItem\",\"position\":1,\"name\":\"Home\",\"item\":\"https:\/\/iptvsmart.io\/official-iptv\/\"},{\"@type\":\"ListItem\",\"position\":2,\"name\":\"Refund Policy\"}]},{\"@type\":\"WebSite\",\"@id\":\"https:\/\/iptvsmart.io\/#website\",\"url\":\"https:\/\/iptvsmart.io\/\",\"name\":\"IPTV SMART\",\"description\":\"Best IPTV International provider\",\"publisher\":{\"@id\":\"https:\/\/iptvsmart.io\/#organization\"},\"potentialAction\":[{\"@type\":\"SearchAction\",\"target\":{\"@type\":\"EntryPoint\",\"urlTemplate\":\"https:\/\/iptvsmart.io\/?s={search_term_string}\"},\"query-input\":{\"@type\":\"PropertyValueSpecification\",\"valueRequired\":true,\"valueName\":\"search_term_string\"}}],\"inLanguage\":\"de\"},{\"@type\":\"Organization\",\"@id\":\"https:\/\/iptvsmart.io\/#organization\",\"name\":\"IPTV SMART\",\"alternateName\":\"Best IPTV provider\",\"url\":\"https:\/\/iptvsmart.io\/\",\"logo\":{\"@type\":\"ImageObject\",\"inLanguage\":\"de\",\"@id\":\"https:\/\/iptvsmart.io\/#\/schema\/logo\/image\/\",\"url\":\"https:\/\/iptvsmart.io\/wp-content\/uploads\/2022\/09\/iptv-smart.png\",\"contentUrl\":\"https:\/\/iptvsmart.io\/wp-content\/uploads\/2022\/09\/iptv-smart.png\",\"width\":1912,\"height\":1364,\"caption\":\"IPTV SMART\"},\"image\":{\"@id\":\"https:\/\/iptvsmart.io\/#\/schema\/logo\/image\/\"},\"description\":\"IPTV Smart is a premier provider of reliable and affordable IPTV services, offering access to over 40,000 live TV channels and 100,000+ movies and shows. Our platform features HD streaming, advanced AntiFreeze technology, and compatibility with all devices, including smart TVs, smartphones, and PCs. With 99.9% uptime and 24\/7 customer support, we deliver a seamless, global entertainment experience. Choose IPTV Smart for flexible plans, premium content, and the freedom to watch your favorite shows anytime, anywhere!\",\"email\":\"contact@iptvsmart.io\",\"legalName\":\"IPTV SMART\",\"foundingDate\":\"2010-08-02\",\"numberOfEmployees\":{\"@type\":\"QuantitativeValue\",\"minValue\":\"11\",\"maxValue\":\"50\"},\"publishingPrinciples\":\"https:\/\/iptvsmart.io\/refund-policy\/\",\"actionableFeedbackPolicy\":\"https:\/\/iptvsmart.io\/terms-conditions\/\"}]}<\/script>\n<!-- \/ Yoast SEO Premium plugin. -->","yoast_head_json":{"title":"IPTV SMART | Bester internationaler IPTV-Anbieter","description":"Probieren Sie das beste IPTV-Erlebnis! +20K TV &amp; +45K VOD. Schnell und stabil | IPTV SMART | Bestes IPTV 2025 | Bester Deutschland IPTV Service.","robots":{"index":"index","follow":"follow","max-snippet":"max-snippet:-1","max-image-preview":"max-image-preview:large","max-video-preview":"max-video-preview:-1"},"canonical":"https:\/\/iptvsmart.io\/germany\/erstattungsrichtlinie\/","og_locale":"de_DE","og_type":"article","og_title":"IPTV SMART","og_description":"Try the best IPTV experience! +20000 TV & +45000 VOD. Fast and stable | IPTV SMART | 24h free IPTV trial | Watch now on any device!","og_url":"https:\/\/iptvsmart.io\/germany\/erstattungsrichtlinie\/","og_site_name":"IPTV SMART","article_modified_time":"2022-10-03T17:58:29+00:00","og_image":[{"width":1912,"height":1364,"url":"https:\/\/iptvsmart.io\/wp-content\/uploads\/2022\/09\/iptv-smart.png","type":"image\/png"}],"twitter_card":"summary_large_image","twitter_misc":{"Gesch\u00e4tzte Lesezeit":"1\u00a0Minute"},"schema":{"@context":"https:\/\/schema.org","@graph":[{"@type":"WebPage","@id":"https:\/\/iptvsmart.io\/refund-policy\/","url":"https:\/\/iptvsmart.io\/refund-policy\/","name":"IPTV SMART | Bester internationaler IPTV-Anbieter","isPartOf":{"@id":"https:\/\/iptvsmart.io\/#website"},"datePublished":"2022-10-03T17:53:28+00:00","dateModified":"2022-10-03T17:58:29+00:00","description":"Probieren Sie das beste IPTV-Erlebnis! +20K TV &amp; +45K VOD. Schnell und stabil | IPTV SMART | Bestes IPTV 2025 | Bester Deutschland IPTV Service.","breadcrumb":{"@id":"https:\/\/iptvsmart.io\/refund-policy\/#breadcrumb"},"inLanguage":"de","potentialAction":[{"@type":"ReadAction","target":["https:\/\/iptvsmart.io\/refund-policy\/"]}]},{"@type":"BreadcrumbList","@id":"https:\/\/iptvsmart.io\/refund-policy\/#breadcrumb","itemListElement":[{"@type":"ListItem","position":1,"name":"Home","item":"https:\/\/iptvsmart.io\/official-iptv\/"},{"@type":"ListItem","position":2,"name":"Refund Policy"}]},{"@type":"WebSite","@id":"https:\/\/iptvsmart.io\/#website","url":"https:\/\/iptvsmart.io\/","name":"IPTV SMART","description":"Bester internationaler IPTV-Anbieter","publisher":{"@id":"https:\/\/iptvsmart.io\/#organization"},"potentialAction":[{"@type":"SearchAction","target":{"@type":"EntryPoint","urlTemplate":"https:\/\/iptvsmart.io\/?s={search_term_string}"},"query-input":{"@type":"PropertyValueSpecification","valueRequired":true,"valueName":"search_term_string"}}],"inLanguage":"de"},{"@type":"Organization","@id":"https:\/\/iptvsmart.io\/#organization","name":"IPTV SMART","alternateName":"Best IPTV provider","url":"https:\/\/iptvsmart.io\/","logo":{"@type":"ImageObject","inLanguage":"de","@id":"https:\/\/iptvsmart.io\/#\/schema\/logo\/image\/","url":"https:\/\/iptvsmart.io\/wp-content\/uploads\/2022\/09\/iptv-smart.png","contentUrl":"https:\/\/iptvsmart.io\/wp-content\/uploads\/2022\/09\/iptv-smart.png","width":1912,"height":1364,"caption":"IPTV SMART"},"image":{"@id":"https:\/\/iptvsmart.io\/#\/schema\/logo\/image\/"},"description":"IPTV Smart ist ein f\u00fchrender Anbieter von zuverl\u00e4ssigen und erschwinglichen IPTV-Diensten und bietet Zugang zu \u00fcber 40.000 Live-TV-Kan\u00e4len und mehr als 100.000 Filmen und Serien. Unsere Plattform bietet HD-Streaming, fortschrittliche AntiFreeze-Technologie und Kompatibilit\u00e4t mit allen Ger\u00e4ten, einschlie\u00dflich Smart-TVs, Smartphones und PCs. Mit einer Betriebszeit von 99,9% und einem 24\/7-Kundensupport bieten wir ein nahtloses, globales Unterhaltungserlebnis. W\u00e4hlen Sie IPTV Smart f\u00fcr flexible Tarife, Premium-Inhalte und die Freiheit, Ihre Lieblingssendungen jederzeit und \u00fcberall zu sehen!","email":"contact@iptvsmart.io","legalName":"IPTV SMART","foundingDate":"2010-08-02","numberOfEmployees":{"@type":"QuantitativeValue","minValue":"11","maxValue":"50"},"publishingPrinciples":"https:\/\/iptvsmart.io\/refund-policy\/","actionableFeedbackPolicy":"https:\/\/iptvsmart.io\/terms-conditions\/"}]}},"_links":{"self":[{"href":"https:\/\/iptvsmart.io\/germany\/wp-json\/wp\/v2\/pages\/5071","targetHints":{"allow":["GET"]}}],"collection":[{"href":"https:\/\/iptvsmart.io\/germany\/wp-json\/wp\/v2\/pages"}],"about":[{"href":"https:\/\/iptvsmart.io\/germany\/wp-json\/wp\/v2\/types\/page"}],"author":[{"embeddable":true,"href":"https:\/\/iptvsmart.io\/germany\/wp-json\/wp\/v2\/users\/1"}],"replies":[{"embeddable":true,"href":"https:\/\/iptvsmart.io\/germany\/wp-json\/wp\/v2\/comments?post=5071"}],"version-history":[{"count":0,"href":"https:\/\/iptvsmart.io\/germany\/wp-json\/wp\/v2\/pages\/5071\/revisions"}],"wp:attachment":[{"href":"https:\/\/iptvsmart.io\/germany\/wp-json\/wp\/v2\/media?parent=5071"}],"curies":[{"name":"wp","href":"https:\/\/api.w.org\/{rel}","templated":true}]}}