{"id":5071,"date":"2022-10-03T17:53:28","date_gmt":"2022-10-03T17:53:28","guid":{"rendered":"https:\/\/iptvsmart.io\/?page_id=5071"},"modified":"2022-10-03T17:58:29","modified_gmt":"2022-10-03T17:58:29","slug":"politique-de-remboursement","status":"publish","type":"page","link":"https:\/\/iptvsmart.io\/iptv-france\/politique-de-remboursement\/","title":{"rendered":"Refund Policy"},"content":{"rendered":"<div data-elementor-type=\"wp-page\" data-elementor-id=\"5071\" class=\"elementor elementor-5071\">\n\t\t\t\t\t\t<section class=\"elementor-section elementor-top-section elementor-element elementor-element-724da1b elementor-section-boxed elementor-section-height-default elementor-section-height-default\" data-id=\"724da1b\" data-element_type=\"section\">\n\t\t\t\t\t\t<div class=\"elementor-container elementor-column-gap-default\">\n\t\t\t\t\t<div class=\"elementor-column elementor-col-100 elementor-top-column elementor-element elementor-element-64718dc ot-flex-column-vertical\" data-id=\"64718dc\" data-element_type=\"column\">\n\t\t\t<div class=\"elementor-widget-wrap elementor-element-populated\">\n\t\t\t\t\t\t<div class=\"elementor-element elementor-element-f31d673 elementor-widget elementor-widget-spacer\" data-id=\"f31d673\" data-element_type=\"widget\" data-settings=\"{&quot;htmega_fe&quot;:&quot;no&quot;}\" data-widget_type=\"spacer.default\">\n\t\t\t\t<div class=\"elementor-widget-container\">\n\t\t\t\t\t\t\t<div class=\"elementor-spacer\">\n\t\t\t<div class=\"elementor-spacer-inner\"><\/div>\n\t\t<\/div>\n\t\t\t\t\t\t<\/div>\n\t\t\t\t<\/div>\n\t\t\t\t\t<\/div>\n\t\t<\/div>\n\t\t\t\t\t<\/div>\n\t\t<\/section>\n\t\t\t\t<section class=\"elementor-section elementor-top-section elementor-element elementor-element-a83ed71 elementor-section-boxed elementor-section-height-default elementor-section-height-default\" data-id=\"a83ed71\" data-element_type=\"section\">\n\t\t\t\t\t\t<div class=\"elementor-container elementor-column-gap-default\">\n\t\t\t\t\t<div class=\"elementor-column elementor-col-100 elementor-top-column elementor-element elementor-element-b81e468 ot-flex-column-vertical\" data-id=\"b81e468\" data-element_type=\"column\">\n\t\t\t<div class=\"elementor-widget-wrap elementor-element-populated\">\n\t\t\t\t\t\t<div class=\"elementor-element elementor-element-e0822d5 elementor-widget elementor-widget-text-editor\" data-id=\"e0822d5\" data-element_type=\"widget\" data-settings=\"{&quot;htmega_fe&quot;:&quot;no&quot;}\" data-widget_type=\"text-editor.default\">\n\t\t\t\t<div class=\"elementor-widget-container\">\n\t\t\t\t\t\t\t\t\t<p>Veuillez lire attentivement ce qui suit avant de demander un remboursement :<\/p><p>Nous croyons fermement en notre service et le soutenons inconditionnellement, mais nous comprenons qu'il ne peut pas fonctionner parfaitement pour tout le monde, tout le temps.<\/p><p>Avant de souscrire un abonnement, nous vous conseillons de demander une p\u00e9riode d'essai gratuite de 24 heures. Nous avons mis en place cette option afin que vous puissiez tester notre service avant de souscrire un abonnement \u00e0 long terme.<\/p><p>Cas remboursables :<\/p><p>- Les remboursements complets sont applicables dans les 30 premiers jours d'utilisation et uniquement pour les abonnements de 6 mois et plus.<\/p><p>- Le remboursement int\u00e9gral ne s'applique qu'aux abonnements de 6 mois ou plus. Vous pouvez toujours b\u00e9n\u00e9ficier d'une p\u00e9riode d'essai gratuite de 24 heures avant de passer \u00e0 un abonnement \u00e0 long terme.<\/p><p>- Si vous \u00eates abonn\u00e9 depuis plus d'un mois et que vous rencontrez des probl\u00e8mes ou n'\u00eates pas satisfait de notre service apr\u00e8s les 30 premiers jours, nous pouvons vous rembourser la p\u00e9riode restante de votre abonnement.<\/p><p>- Si vous avez choisi par erreur un abonnement au lieu de l'abonnement souhait\u00e9, vous pouvez \u00e9galement nous contacter pour proc\u00e9der au remboursement apr\u00e8s \u00e9valuation du cas.<\/p><p>Cas non remboursables :<\/p><p>- Le remboursement sera refus\u00e9 s'il provient d'un dysfonctionnement de votre part (une mauvaise connexion, un appareil d\u00e9fectueux et autres).<\/p><p>- Le remboursement n'est pas valable pour les abonnements d'un (1) mois.<\/p><p>Notre \u00e9quipe est toujours \u00e0 votre disposition si vous rencontrez des complications dans la configuration du service sur votre appareil ou pour tout autre probl\u00e8me technique, vous pouvez \u00e9galement consulter nos guides d'installation.<\/p><p>Pour toute demande de remboursement, veuillez nous contacter par e-mail : contact@iptvsmart.io ou sur notre site web. <a href=\"https:\/\/iptvsmart.io\/iptv-france\/contacts\/\" target=\"_blank\" rel=\"noopener\">page de contact<\/a><\/p>\t\t\t\t\t\t\t\t<\/div>\n\t\t\t\t<\/div>\n\t\t\t\t\t<\/div>\n\t\t<\/div>\n\t\t\t\t\t<\/div>\n\t\t<\/section>\n\t\t\t\t<\/div>","protected":false},"excerpt":{"rendered":"<p>Please read the following carefully before requesting a refund: We strongly believe in our service and support it unconditionally, but we understand that it cannot work perfectly for everyone, all the time. Before taking out a subscription, we advise you to request a free 24-hour trial, we have set up this option so that you [&hellip;]<\/p>","protected":false},"author":1,"featured_media":0,"parent":0,"menu_order":0,"comment_status":"closed","ping_status":"closed","template":"","meta":{"footnotes":""},"class_list":["post-5071","page","type-page","status-publish","hentry"],"yoast_head":"<!-- This site is optimized with the Yoast SEO Premium plugin v26.4 (Yoast SEO v26.4) - https:\/\/yoast.com\/wordpress\/plugins\/seo\/ -->\n<title>IPTV SMART | Best IPTV International Provider<\/title>\n<meta name=\"description\" content=\"Try the best IPTV experience! +20000 TV &amp; +45000 VOD. Fast and stable | IPTV SMART | 24h free IPTV trial | Watch now on any device!\" \/>\n<meta name=\"robots\" content=\"index, follow, max-snippet:-1, max-image-preview:large, max-video-preview:-1\" \/>\n<link rel=\"canonical\" href=\"https:\/\/iptvsmart.io\/iptv-france\/politique-de-remboursement\/\" \/>\n<meta property=\"og:locale\" content=\"fr_FR\" \/>\n<meta property=\"og:type\" content=\"article\" \/>\n<meta property=\"og:title\" content=\"IPTV SMART\" \/>\n<meta property=\"og:description\" content=\"Try the best IPTV experience! +20000 TV &amp; +45000 VOD. Fast and stable | IPTV SMART | 24h free IPTV trial | Watch now on any device!\" \/>\n<meta property=\"og:url\" content=\"https:\/\/iptvsmart.io\/iptv-france\/politique-de-remboursement\/\" \/>\n<meta property=\"og:site_name\" content=\"IPTV SMART\" \/>\n<meta property=\"article:modified_time\" content=\"2022-10-03T17:58:29+00:00\" \/>\n<meta property=\"og:image\" content=\"https:\/\/iptvsmart.io\/wp-content\/uploads\/2022\/09\/iptv-smart.png\" \/>\n\t<meta property=\"og:image:width\" content=\"1912\" \/>\n\t<meta property=\"og:image:height\" content=\"1364\" \/>\n\t<meta property=\"og:image:type\" content=\"image\/png\" \/>\n<meta name=\"twitter:card\" content=\"summary_large_image\" \/>\n<meta name=\"twitter:label1\" content=\"Dur\u00e9e de lecture estim\u00e9e\" \/>\n\t<meta name=\"twitter:data1\" content=\"1 minute\" \/>\n<script type=\"application\/ld+json\" class=\"yoast-schema-graph\">{\"@context\":\"https:\/\/schema.org\",\"@graph\":[{\"@type\":\"WebPage\",\"@id\":\"https:\/\/iptvsmart.io\/refund-policy\/\",\"url\":\"https:\/\/iptvsmart.io\/refund-policy\/\",\"name\":\"IPTV SMART | Best IPTV International Provider\",\"isPartOf\":{\"@id\":\"https:\/\/iptvsmart.io\/#website\"},\"datePublished\":\"2022-10-03T17:53:28+00:00\",\"dateModified\":\"2022-10-03T17:58:29+00:00\",\"description\":\"Try the best IPTV experience! +20000 TV & +45000 VOD. Fast and stable | IPTV SMART | 24h free IPTV trial | Watch now on any device!\",\"breadcrumb\":{\"@id\":\"https:\/\/iptvsmart.io\/refund-policy\/#breadcrumb\"},\"inLanguage\":\"fr-FR\",\"potentialAction\":[{\"@type\":\"ReadAction\",\"target\":[\"https:\/\/iptvsmart.io\/refund-policy\/\"]}]},{\"@type\":\"BreadcrumbList\",\"@id\":\"https:\/\/iptvsmart.io\/refund-policy\/#breadcrumb\",\"itemListElement\":[{\"@type\":\"ListItem\",\"position\":1,\"name\":\"Home\",\"item\":\"https:\/\/iptvsmart.io\/official-iptv\/\"},{\"@type\":\"ListItem\",\"position\":2,\"name\":\"Refund Policy\"}]},{\"@type\":\"WebSite\",\"@id\":\"https:\/\/iptvsmart.io\/#website\",\"url\":\"https:\/\/iptvsmart.io\/\",\"name\":\"IPTV SMART\",\"description\":\"Best IPTV International provider\",\"publisher\":{\"@id\":\"https:\/\/iptvsmart.io\/#organization\"},\"potentialAction\":[{\"@type\":\"SearchAction\",\"target\":{\"@type\":\"EntryPoint\",\"urlTemplate\":\"https:\/\/iptvsmart.io\/?s={search_term_string}\"},\"query-input\":{\"@type\":\"PropertyValueSpecification\",\"valueRequired\":true,\"valueName\":\"search_term_string\"}}],\"inLanguage\":\"fr-FR\"},{\"@type\":\"Organization\",\"@id\":\"https:\/\/iptvsmart.io\/#organization\",\"name\":\"IPTV SMART\",\"alternateName\":\"Best IPTV provider\",\"url\":\"https:\/\/iptvsmart.io\/\",\"logo\":{\"@type\":\"ImageObject\",\"inLanguage\":\"fr-FR\",\"@id\":\"https:\/\/iptvsmart.io\/#\/schema\/logo\/image\/\",\"url\":\"https:\/\/iptvsmart.io\/wp-content\/uploads\/2022\/09\/iptv-smart.png\",\"contentUrl\":\"https:\/\/iptvsmart.io\/wp-content\/uploads\/2022\/09\/iptv-smart.png\",\"width\":1912,\"height\":1364,\"caption\":\"IPTV SMART\"},\"image\":{\"@id\":\"https:\/\/iptvsmart.io\/#\/schema\/logo\/image\/\"},\"description\":\"IPTV Smart is a premier provider of reliable and affordable IPTV services, offering access to over 40,000 live TV channels and 100,000+ movies and shows. Our platform features HD streaming, advanced AntiFreeze technology, and compatibility with all devices, including smart TVs, smartphones, and PCs. With 99.9% uptime and 24\/7 customer support, we deliver a seamless, global entertainment experience. Choose IPTV Smart for flexible plans, premium content, and the freedom to watch your favorite shows anytime, anywhere!\",\"email\":\"contact@iptvsmart.io\",\"legalName\":\"IPTV SMART\",\"foundingDate\":\"2010-08-02\",\"numberOfEmployees\":{\"@type\":\"QuantitativeValue\",\"minValue\":\"11\",\"maxValue\":\"50\"},\"publishingPrinciples\":\"https:\/\/iptvsmart.io\/refund-policy\/\",\"actionableFeedbackPolicy\":\"https:\/\/iptvsmart.io\/terms-conditions\/\"}]}<\/script>\n<!-- \/ Yoast SEO Premium plugin. -->","yoast_head_json":{"title":"IPTV SMART | Meilleur fournisseur international de services IPTV","description":"Essayez la meilleure exp\u00e9rience IPTV ! +20K TV &amp; +45K VOD. Rapide et stable | IPTV SMART | Meilleur IPTV 2025 | Meilleur service IPTV France.","robots":{"index":"index","follow":"follow","max-snippet":"max-snippet:-1","max-image-preview":"max-image-preview:large","max-video-preview":"max-video-preview:-1"},"canonical":"https:\/\/iptvsmart.io\/iptv-france\/politique-de-remboursement\/","og_locale":"fr_FR","og_type":"article","og_title":"IPTV SMART","og_description":"Try the best IPTV experience! +20000 TV & +45000 VOD. Fast and stable | IPTV SMART | 24h free IPTV trial | Watch now on any device!","og_url":"https:\/\/iptvsmart.io\/iptv-france\/politique-de-remboursement\/","og_site_name":"IPTV SMART","article_modified_time":"2022-10-03T17:58:29+00:00","og_image":[{"width":1912,"height":1364,"url":"https:\/\/iptvsmart.io\/wp-content\/uploads\/2022\/09\/iptv-smart.png","type":"image\/png"}],"twitter_card":"summary_large_image","twitter_misc":{"Dur\u00e9e de lecture estim\u00e9e":"1 minute"},"schema":{"@context":"https:\/\/schema.org","@graph":[{"@type":"WebPage","@id":"https:\/\/iptvsmart.io\/refund-policy\/","url":"https:\/\/iptvsmart.io\/refund-policy\/","name":"IPTV SMART | Meilleur fournisseur international de services IPTV","isPartOf":{"@id":"https:\/\/iptvsmart.io\/#website"},"datePublished":"2022-10-03T17:53:28+00:00","dateModified":"2022-10-03T17:58:29+00:00","description":"Essayez la meilleure exp\u00e9rience IPTV ! +20K TV &amp; +45K VOD. Rapide et stable | IPTV SMART | Meilleur IPTV 2025 | Meilleur service IPTV France.","breadcrumb":{"@id":"https:\/\/iptvsmart.io\/refund-policy\/#breadcrumb"},"inLanguage":"fr-FR","potentialAction":[{"@type":"ReadAction","target":["https:\/\/iptvsmart.io\/refund-policy\/"]}]},{"@type":"BreadcrumbList","@id":"https:\/\/iptvsmart.io\/refund-policy\/#breadcrumb","itemListElement":[{"@type":"ListItem","position":1,"name":"Home","item":"https:\/\/iptvsmart.io\/official-iptv\/"},{"@type":"ListItem","position":2,"name":"Refund Policy"}]},{"@type":"WebSite","@id":"https:\/\/iptvsmart.io\/#website","url":"https:\/\/iptvsmart.io\/","name":"IPTV SMART","description":"Meilleur fournisseur IPTV international","publisher":{"@id":"https:\/\/iptvsmart.io\/#organization"},"potentialAction":[{"@type":"SearchAction","target":{"@type":"EntryPoint","urlTemplate":"https:\/\/iptvsmart.io\/?s={search_term_string}"},"query-input":{"@type":"PropertyValueSpecification","valueRequired":true,"valueName":"search_term_string"}}],"inLanguage":"fr-FR"},{"@type":"Organization","@id":"https:\/\/iptvsmart.io\/#organization","name":"IPTV SMART","alternateName":"Best IPTV provider","url":"https:\/\/iptvsmart.io\/","logo":{"@type":"ImageObject","inLanguage":"fr-FR","@id":"https:\/\/iptvsmart.io\/#\/schema\/logo\/image\/","url":"https:\/\/iptvsmart.io\/wp-content\/uploads\/2022\/09\/iptv-smart.png","contentUrl":"https:\/\/iptvsmart.io\/wp-content\/uploads\/2022\/09\/iptv-smart.png","width":1912,"height":1364,"caption":"IPTV SMART"},"image":{"@id":"https:\/\/iptvsmart.io\/#\/schema\/logo\/image\/"},"description":"IPTV Smart est un fournisseur de premier plan de services IPTV fiables et abordables, offrant un acc\u00e8s \u00e0 plus de 40 000 cha\u00eenes de t\u00e9l\u00e9vision en direct et \u00e0 plus de 100 000 films et \u00e9missions. Notre plateforme offre un streaming HD, une technologie AntiFreeze avanc\u00e9e et une compatibilit\u00e9 avec tous les appareils, y compris les t\u00e9l\u00e9viseurs intelligents, les smartphones et les PC. Avec un temps de disponibilit\u00e9 de 99,9% et une assistance client\u00e8le 24h\/24 et 7j\/7, nous offrons une exp\u00e9rience de divertissement globale et transparente. Choisissez IPTV Smart pour des plans flexibles, un contenu de qualit\u00e9 sup\u00e9rieure et la libert\u00e9 de regarder vos \u00e9missions pr\u00e9f\u00e9r\u00e9es n'importe o\u00f9 et n'importe quand !","email":"contact@iptvsmart.io","legalName":"IPTV SMART","foundingDate":"2010-08-02","numberOfEmployees":{"@type":"QuantitativeValue","minValue":"11","maxValue":"50"},"publishingPrinciples":"https:\/\/iptvsmart.io\/refund-policy\/","actionableFeedbackPolicy":"https:\/\/iptvsmart.io\/terms-conditions\/"}]}},"_links":{"self":[{"href":"https:\/\/iptvsmart.io\/iptv-france\/wp-json\/wp\/v2\/pages\/5071","targetHints":{"allow":["GET"]}}],"collection":[{"href":"https:\/\/iptvsmart.io\/iptv-france\/wp-json\/wp\/v2\/pages"}],"about":[{"href":"https:\/\/iptvsmart.io\/iptv-france\/wp-json\/wp\/v2\/types\/page"}],"author":[{"embeddable":true,"href":"https:\/\/iptvsmart.io\/iptv-france\/wp-json\/wp\/v2\/users\/1"}],"replies":[{"embeddable":true,"href":"https:\/\/iptvsmart.io\/iptv-france\/wp-json\/wp\/v2\/comments?post=5071"}],"version-history":[{"count":0,"href":"https:\/\/iptvsmart.io\/iptv-france\/wp-json\/wp\/v2\/pages\/5071\/revisions"}],"wp:attachment":[{"href":"https:\/\/iptvsmart.io\/iptv-france\/wp-json\/wp\/v2\/media?parent=5071"}],"curies":[{"name":"wp","href":"https:\/\/api.w.org\/{rel}","templated":true}]}}