{"id":5071,"date":"2022-10-03T17:53:28","date_gmt":"2022-10-03T17:53:28","guid":{"rendered":"https:\/\/iptvsmart.io\/?page_id=5071"},"modified":"2022-10-03T17:58:29","modified_gmt":"2022-10-03T17:58:29","slug":"politica-de-reembolso","status":"publish","type":"page","link":"https:\/\/iptvsmart.io\/iptv-spain\/politica-de-reembolso\/","title":{"rendered":"Refund Policy"},"content":{"rendered":"<div data-elementor-type=\"wp-page\" data-elementor-id=\"5071\" class=\"elementor elementor-5071\">\n\t\t\t\t\t\t<section class=\"elementor-section elementor-top-section elementor-element elementor-element-724da1b elementor-section-boxed elementor-section-height-default elementor-section-height-default\" data-id=\"724da1b\" data-element_type=\"section\">\n\t\t\t\t\t\t<div class=\"elementor-container elementor-column-gap-default\">\n\t\t\t\t\t<div class=\"elementor-column elementor-col-100 elementor-top-column elementor-element elementor-element-64718dc ot-flex-column-vertical\" data-id=\"64718dc\" data-element_type=\"column\">\n\t\t\t<div class=\"elementor-widget-wrap elementor-element-populated\">\n\t\t\t\t\t\t<div class=\"elementor-element elementor-element-f31d673 elementor-widget elementor-widget-spacer\" data-id=\"f31d673\" data-element_type=\"widget\" data-settings=\"{&quot;htmega_fe&quot;:&quot;no&quot;}\" data-widget_type=\"spacer.default\">\n\t\t\t\t<div class=\"elementor-widget-container\">\n\t\t\t\t\t\t\t<div class=\"elementor-spacer\">\n\t\t\t<div class=\"elementor-spacer-inner\"><\/div>\n\t\t<\/div>\n\t\t\t\t\t\t<\/div>\n\t\t\t\t<\/div>\n\t\t\t\t\t<\/div>\n\t\t<\/div>\n\t\t\t\t\t<\/div>\n\t\t<\/section>\n\t\t\t\t<section class=\"elementor-section elementor-top-section elementor-element elementor-element-a83ed71 elementor-section-boxed elementor-section-height-default elementor-section-height-default\" data-id=\"a83ed71\" data-element_type=\"section\">\n\t\t\t\t\t\t<div class=\"elementor-container elementor-column-gap-default\">\n\t\t\t\t\t<div class=\"elementor-column elementor-col-100 elementor-top-column elementor-element elementor-element-b81e468 ot-flex-column-vertical\" data-id=\"b81e468\" data-element_type=\"column\">\n\t\t\t<div class=\"elementor-widget-wrap elementor-element-populated\">\n\t\t\t\t\t\t<div class=\"elementor-element elementor-element-e0822d5 elementor-widget elementor-widget-text-editor\" data-id=\"e0822d5\" data-element_type=\"widget\" data-settings=\"{&quot;htmega_fe&quot;:&quot;no&quot;}\" data-widget_type=\"text-editor.default\">\n\t\t\t\t<div class=\"elementor-widget-container\">\n\t\t\t\t\t\t\t\t\t<p>Lea atentamente lo siguiente antes de solicitar un reembolso:<\/p><p>Creemos firmemente en nuestro servicio y lo apoyamos incondicionalmente, pero entendemos que no puede funcionar perfectamente para todo el mundo, todo el tiempo.<\/p><p>Antes de suscribirte, te aconsejamos que solicites una prueba gratuita de 24 horas. Hemos creado esta opci\u00f3n para que puedas probar nuestro servicio antes de suscribirte a largo plazo.<\/p><p>Casos reembolsables:<\/p><p>- Los reembolsos completos son aplicables dentro de los primeros 30 d\u00edas de uso y s\u00f3lo para suscripciones de 6 meses o m\u00e1s.<\/p><p>- El reembolso completo s\u00f3lo se aplica a las suscripciones de 6 meses o m\u00e1s, aunque puedes obtener una prueba gratuita de 24 horas antes de pasar a una suscripci\u00f3n de larga duraci\u00f3n.<\/p><p>- Si ha estado abonado durante m\u00e1s de un mes y tiene problemas o no est\u00e1 satisfecho con nuestro servicio despu\u00e9s de los primeros 30 d\u00edas, podemos reembolsarle el periodo restante de su abono.<\/p><p>- Si ha elegido por error una suscripci\u00f3n en lugar de la deseada, tambi\u00e9n puede ponerse en contacto con nosotros para proceder al reembolso tras la evaluaci\u00f3n del caso.<\/p><p>Casos no reembolsables:<\/p><p>- El reembolso se denegar\u00e1 si se debe a un mal funcionamiento por su parte (una mala conexi\u00f3n, un aparato defectuoso y otros).<\/p><p>- El reembolso no es v\u00e1lido para las suscripciones de un (1) mes.<\/p><p>Nuestro equipo est\u00e1 siempre a su disposici\u00f3n si encuentra complicaciones en la configuraci\u00f3n del servicio en su dispositivo o para cualquier otro problema t\u00e9cnico, tambi\u00e9n puede consultar nuestras gu\u00edas de instalaci\u00f3n.<\/p><p>Para cualquier solicitud de reembolso, p\u00f3ngase en contacto con nosotros por correo electr\u00f3nico: contact@iptvsmart.io o en nuestro <a href=\"https:\/\/iptvsmart.io\/iptv-spain\/contactos\/\" target=\"_blank\" rel=\"noopener\">p\u00e1gina de contacto<\/a><\/p>\t\t\t\t\t\t\t\t<\/div>\n\t\t\t\t<\/div>\n\t\t\t\t\t<\/div>\n\t\t<\/div>\n\t\t\t\t\t<\/div>\n\t\t<\/section>\n\t\t\t\t<\/div>","protected":false},"excerpt":{"rendered":"<p>Please read the following carefully before requesting a refund: We strongly believe in our service and support it unconditionally, but we understand that it cannot work perfectly for everyone, all the time. Before taking out a subscription, we advise you to request a free 24-hour trial, we have set up this option so that you [&hellip;]<\/p>","protected":false},"author":1,"featured_media":0,"parent":0,"menu_order":0,"comment_status":"closed","ping_status":"closed","template":"","meta":{"footnotes":""},"class_list":["post-5071","page","type-page","status-publish","hentry"],"yoast_head":"<!-- This site is optimized with the Yoast SEO Premium plugin v26.4 (Yoast SEO v26.4) - https:\/\/yoast.com\/wordpress\/plugins\/seo\/ -->\n<title>IPTV SMART | Best IPTV International Provider<\/title>\n<meta name=\"description\" content=\"Try the best IPTV experience! +20000 TV &amp; +45000 VOD. Fast and stable | IPTV SMART | 24h free IPTV trial | Watch now on any device!\" \/>\n<meta name=\"robots\" content=\"index, follow, max-snippet:-1, max-image-preview:large, max-video-preview:-1\" \/>\n<link rel=\"canonical\" href=\"https:\/\/iptvsmart.io\/iptv-spain\/politica-de-reembolso\/\" \/>\n<meta property=\"og:locale\" content=\"es_ES\" \/>\n<meta property=\"og:type\" content=\"article\" \/>\n<meta property=\"og:title\" content=\"IPTV SMART\" \/>\n<meta property=\"og:description\" content=\"Try the best IPTV experience! +20000 TV &amp; +45000 VOD. Fast and stable | IPTV SMART | 24h free IPTV trial | Watch now on any device!\" \/>\n<meta property=\"og:url\" content=\"https:\/\/iptvsmart.io\/iptv-spain\/politica-de-reembolso\/\" \/>\n<meta property=\"og:site_name\" content=\"IPTV SMART\" \/>\n<meta property=\"article:modified_time\" content=\"2022-10-03T17:58:29+00:00\" \/>\n<meta property=\"og:image\" content=\"https:\/\/iptvsmart.io\/wp-content\/uploads\/2022\/09\/iptv-smart.png\" \/>\n\t<meta property=\"og:image:width\" content=\"1912\" \/>\n\t<meta property=\"og:image:height\" content=\"1364\" \/>\n\t<meta property=\"og:image:type\" content=\"image\/png\" \/>\n<meta name=\"twitter:card\" content=\"summary_large_image\" \/>\n<meta name=\"twitter:label1\" content=\"Tiempo de lectura\" \/>\n\t<meta name=\"twitter:data1\" content=\"1 minuto\" \/>\n<script type=\"application\/ld+json\" class=\"yoast-schema-graph\">{\"@context\":\"https:\/\/schema.org\",\"@graph\":[{\"@type\":\"WebPage\",\"@id\":\"https:\/\/iptvsmart.io\/refund-policy\/\",\"url\":\"https:\/\/iptvsmart.io\/refund-policy\/\",\"name\":\"IPTV SMART | Best IPTV International Provider\",\"isPartOf\":{\"@id\":\"https:\/\/iptvsmart.io\/#website\"},\"datePublished\":\"2022-10-03T17:53:28+00:00\",\"dateModified\":\"2022-10-03T17:58:29+00:00\",\"description\":\"Try the best IPTV experience! +20000 TV & +45000 VOD. Fast and stable | IPTV SMART | 24h free IPTV trial | Watch now on any device!\",\"breadcrumb\":{\"@id\":\"https:\/\/iptvsmart.io\/refund-policy\/#breadcrumb\"},\"inLanguage\":\"es\",\"potentialAction\":[{\"@type\":\"ReadAction\",\"target\":[\"https:\/\/iptvsmart.io\/refund-policy\/\"]}]},{\"@type\":\"BreadcrumbList\",\"@id\":\"https:\/\/iptvsmart.io\/refund-policy\/#breadcrumb\",\"itemListElement\":[{\"@type\":\"ListItem\",\"position\":1,\"name\":\"Home\",\"item\":\"https:\/\/iptvsmart.io\/official-iptv\/\"},{\"@type\":\"ListItem\",\"position\":2,\"name\":\"Refund Policy\"}]},{\"@type\":\"WebSite\",\"@id\":\"https:\/\/iptvsmart.io\/#website\",\"url\":\"https:\/\/iptvsmart.io\/\",\"name\":\"IPTV SMART\",\"description\":\"Best IPTV International provider\",\"publisher\":{\"@id\":\"https:\/\/iptvsmart.io\/#organization\"},\"potentialAction\":[{\"@type\":\"SearchAction\",\"target\":{\"@type\":\"EntryPoint\",\"urlTemplate\":\"https:\/\/iptvsmart.io\/?s={search_term_string}\"},\"query-input\":{\"@type\":\"PropertyValueSpecification\",\"valueRequired\":true,\"valueName\":\"search_term_string\"}}],\"inLanguage\":\"es\"},{\"@type\":\"Organization\",\"@id\":\"https:\/\/iptvsmart.io\/#organization\",\"name\":\"IPTV SMART\",\"alternateName\":\"Best IPTV provider\",\"url\":\"https:\/\/iptvsmart.io\/\",\"logo\":{\"@type\":\"ImageObject\",\"inLanguage\":\"es\",\"@id\":\"https:\/\/iptvsmart.io\/#\/schema\/logo\/image\/\",\"url\":\"https:\/\/iptvsmart.io\/wp-content\/uploads\/2022\/09\/iptv-smart.png\",\"contentUrl\":\"https:\/\/iptvsmart.io\/wp-content\/uploads\/2022\/09\/iptv-smart.png\",\"width\":1912,\"height\":1364,\"caption\":\"IPTV SMART\"},\"image\":{\"@id\":\"https:\/\/iptvsmart.io\/#\/schema\/logo\/image\/\"},\"description\":\"IPTV Smart is a premier provider of reliable and affordable IPTV services, offering access to over 40,000 live TV channels and 100,000+ movies and shows. Our platform features HD streaming, advanced AntiFreeze technology, and compatibility with all devices, including smart TVs, smartphones, and PCs. With 99.9% uptime and 24\/7 customer support, we deliver a seamless, global entertainment experience. Choose IPTV Smart for flexible plans, premium content, and the freedom to watch your favorite shows anytime, anywhere!\",\"email\":\"contact@iptvsmart.io\",\"legalName\":\"IPTV SMART\",\"foundingDate\":\"2010-08-02\",\"numberOfEmployees\":{\"@type\":\"QuantitativeValue\",\"minValue\":\"11\",\"maxValue\":\"50\"},\"publishingPrinciples\":\"https:\/\/iptvsmart.io\/refund-policy\/\",\"actionableFeedbackPolicy\":\"https:\/\/iptvsmart.io\/terms-conditions\/\"}]}<\/script>\n<!-- \/ Yoast SEO Premium plugin. -->","yoast_head_json":{"title":"IPTV SMART | Mejor proveedor internacional de IPTV","description":"\u00a1Prueba la mejor experiencia IPTV! +20K TV &amp; +45K VOD. R\u00e1pido y estable | IPTV SMART | Mejor IPTV 2025 | Mejor Servicio IPTV Espa\u00f1a.","robots":{"index":"index","follow":"follow","max-snippet":"max-snippet:-1","max-image-preview":"max-image-preview:large","max-video-preview":"max-video-preview:-1"},"canonical":"https:\/\/iptvsmart.io\/iptv-spain\/politica-de-reembolso\/","og_locale":"es_ES","og_type":"article","og_title":"IPTV SMART","og_description":"Try the best IPTV experience! +20000 TV & +45000 VOD. Fast and stable | IPTV SMART | 24h free IPTV trial | Watch now on any device!","og_url":"https:\/\/iptvsmart.io\/iptv-spain\/politica-de-reembolso\/","og_site_name":"IPTV SMART","article_modified_time":"2022-10-03T17:58:29+00:00","og_image":[{"width":1912,"height":1364,"url":"https:\/\/iptvsmart.io\/wp-content\/uploads\/2022\/09\/iptv-smart.png","type":"image\/png"}],"twitter_card":"summary_large_image","twitter_misc":{"Tiempo de lectura":"1 minuto"},"schema":{"@context":"https:\/\/schema.org","@graph":[{"@type":"WebPage","@id":"https:\/\/iptvsmart.io\/refund-policy\/","url":"https:\/\/iptvsmart.io\/refund-policy\/","name":"IPTV SMART | Mejor proveedor internacional de IPTV","isPartOf":{"@id":"https:\/\/iptvsmart.io\/#website"},"datePublished":"2022-10-03T17:53:28+00:00","dateModified":"2022-10-03T17:58:29+00:00","description":"\u00a1Prueba la mejor experiencia IPTV! +20K TV &amp; +45K VOD. R\u00e1pido y estable | IPTV SMART | Mejor IPTV 2025 | Mejor Servicio IPTV Espa\u00f1a.","breadcrumb":{"@id":"https:\/\/iptvsmart.io\/refund-policy\/#breadcrumb"},"inLanguage":"es","potentialAction":[{"@type":"ReadAction","target":["https:\/\/iptvsmart.io\/refund-policy\/"]}]},{"@type":"BreadcrumbList","@id":"https:\/\/iptvsmart.io\/refund-policy\/#breadcrumb","itemListElement":[{"@type":"ListItem","position":1,"name":"Home","item":"https:\/\/iptvsmart.io\/official-iptv\/"},{"@type":"ListItem","position":2,"name":"Refund Policy"}]},{"@type":"WebSite","@id":"https:\/\/iptvsmart.io\/#website","url":"https:\/\/iptvsmart.io\/","name":"IPTV SMART","description":"Mejor proveedor internacional de IPTV","publisher":{"@id":"https:\/\/iptvsmart.io\/#organization"},"potentialAction":[{"@type":"SearchAction","target":{"@type":"EntryPoint","urlTemplate":"https:\/\/iptvsmart.io\/?s={search_term_string}"},"query-input":{"@type":"PropertyValueSpecification","valueRequired":true,"valueName":"search_term_string"}}],"inLanguage":"es"},{"@type":"Organization","@id":"https:\/\/iptvsmart.io\/#organization","name":"IPTV SMART","alternateName":"Best IPTV provider","url":"https:\/\/iptvsmart.io\/","logo":{"@type":"ImageObject","inLanguage":"es","@id":"https:\/\/iptvsmart.io\/#\/schema\/logo\/image\/","url":"https:\/\/iptvsmart.io\/wp-content\/uploads\/2022\/09\/iptv-smart.png","contentUrl":"https:\/\/iptvsmart.io\/wp-content\/uploads\/2022\/09\/iptv-smart.png","width":1912,"height":1364,"caption":"IPTV SMART"},"image":{"@id":"https:\/\/iptvsmart.io\/#\/schema\/logo\/image\/"},"description":"IPTV Smart es un proveedor l\u00edder de servicios IPTV fiables y asequibles, que ofrece acceso a m\u00e1s de 40.000 canales de TV en directo y m\u00e1s de 100.000 pel\u00edculas y programas. Nuestra plataforma ofrece streaming HD, tecnolog\u00eda AntiFreeze avanzada y compatibilidad con todos los dispositivos, incluidos televisores inteligentes, smartphones y PC. Con un tiempo de actividad del 99,9% y un servicio de atenci\u00f3n al cliente 24\/7, ofrecemos una experiencia de entretenimiento global y sin interrupciones. Elija IPTV Smart para disfrutar de planes flexibles, contenidos premium y la libertad de ver sus programas favoritos en cualquier momento y lugar.","email":"contact@iptvsmart.io","legalName":"IPTV SMART","foundingDate":"2010-08-02","numberOfEmployees":{"@type":"QuantitativeValue","minValue":"11","maxValue":"50"},"publishingPrinciples":"https:\/\/iptvsmart.io\/refund-policy\/","actionableFeedbackPolicy":"https:\/\/iptvsmart.io\/terms-conditions\/"}]}},"_links":{"self":[{"href":"https:\/\/iptvsmart.io\/iptv-spain\/wp-json\/wp\/v2\/pages\/5071","targetHints":{"allow":["GET"]}}],"collection":[{"href":"https:\/\/iptvsmart.io\/iptv-spain\/wp-json\/wp\/v2\/pages"}],"about":[{"href":"https:\/\/iptvsmart.io\/iptv-spain\/wp-json\/wp\/v2\/types\/page"}],"author":[{"embeddable":true,"href":"https:\/\/iptvsmart.io\/iptv-spain\/wp-json\/wp\/v2\/users\/1"}],"replies":[{"embeddable":true,"href":"https:\/\/iptvsmart.io\/iptv-spain\/wp-json\/wp\/v2\/comments?post=5071"}],"version-history":[{"count":0,"href":"https:\/\/iptvsmart.io\/iptv-spain\/wp-json\/wp\/v2\/pages\/5071\/revisions"}],"wp:attachment":[{"href":"https:\/\/iptvsmart.io\/iptv-spain\/wp-json\/wp\/v2\/media?parent=5071"}],"curies":[{"name":"wp","href":"https:\/\/api.w.org\/{rel}","templated":true}]}}