{"id":5071,"date":"2022-10-03T17:53:28","date_gmt":"2022-10-03T17:53:28","guid":{"rendered":"https:\/\/iptvsmart.io\/?page_id=5071"},"modified":"2022-10-03T17:58:29","modified_gmt":"2022-10-03T17:58:29","slug":"politica-de-reembolso","status":"publish","type":"page","link":"https:\/\/iptvsmart.io\/portugal\/politica-de-reembolso\/","title":{"rendered":"Refund Policy"},"content":{"rendered":"<div data-elementor-type=\"wp-page\" data-elementor-id=\"5071\" class=\"elementor elementor-5071\">\n\t\t\t\t\t\t<section class=\"elementor-section elementor-top-section elementor-element elementor-element-724da1b elementor-section-boxed elementor-section-height-default elementor-section-height-default\" data-id=\"724da1b\" data-element_type=\"section\">\n\t\t\t\t\t\t<div class=\"elementor-container elementor-column-gap-default\">\n\t\t\t\t\t<div class=\"elementor-column elementor-col-100 elementor-top-column elementor-element elementor-element-64718dc ot-flex-column-vertical\" data-id=\"64718dc\" data-element_type=\"column\">\n\t\t\t<div class=\"elementor-widget-wrap elementor-element-populated\">\n\t\t\t\t\t\t<div class=\"elementor-element elementor-element-f31d673 elementor-widget elementor-widget-spacer\" data-id=\"f31d673\" data-element_type=\"widget\" data-settings=\"{&quot;htmega_fe&quot;:&quot;no&quot;}\" data-widget_type=\"spacer.default\">\n\t\t\t\t<div class=\"elementor-widget-container\">\n\t\t\t\t\t\t\t<div class=\"elementor-spacer\">\n\t\t\t<div class=\"elementor-spacer-inner\"><\/div>\n\t\t<\/div>\n\t\t\t\t\t\t<\/div>\n\t\t\t\t<\/div>\n\t\t\t\t\t<\/div>\n\t\t<\/div>\n\t\t\t\t\t<\/div>\n\t\t<\/section>\n\t\t\t\t<section class=\"elementor-section elementor-top-section elementor-element elementor-element-a83ed71 elementor-section-boxed elementor-section-height-default elementor-section-height-default\" data-id=\"a83ed71\" data-element_type=\"section\">\n\t\t\t\t\t\t<div class=\"elementor-container elementor-column-gap-default\">\n\t\t\t\t\t<div class=\"elementor-column elementor-col-100 elementor-top-column elementor-element elementor-element-b81e468 ot-flex-column-vertical\" data-id=\"b81e468\" data-element_type=\"column\">\n\t\t\t<div class=\"elementor-widget-wrap elementor-element-populated\">\n\t\t\t\t\t\t<div class=\"elementor-element elementor-element-e0822d5 elementor-widget elementor-widget-text-editor\" data-id=\"e0822d5\" data-element_type=\"widget\" data-settings=\"{&quot;htmega_fe&quot;:&quot;no&quot;}\" data-widget_type=\"text-editor.default\">\n\t\t\t\t<div class=\"elementor-widget-container\">\n\t\t\t\t\t\t\t\t\t<p>Leia atentamente as informa\u00e7\u00f5es seguintes antes de pedir um reembolso:<\/p><p>Acreditamos firmemente no nosso servi\u00e7o e apoiamo-lo incondicionalmente, mas compreendemos que n\u00e3o pode funcionar perfeitamente para todos, a toda a hora.<\/p><p>Antes de subscrever uma assinatura, aconselhamos que solicite um teste gratuito de 24 horas. Esta op\u00e7\u00e3o foi criada para que possa testar o nosso servi\u00e7o antes de subscrever uma assinatura de longo prazo.<\/p><p>Casos reembols\u00e1veis:<\/p><p>- Os reembolsos totais s\u00e3o aplic\u00e1veis nos primeiros 30 dias de utiliza\u00e7\u00e3o e apenas para subscri\u00e7\u00f5es de 6 meses ou mais.<\/p><p>- O reembolso total \u00e9 aplic\u00e1vel apenas a subscri\u00e7\u00f5es de 6 meses ou mais. Pode ainda obter uma avalia\u00e7\u00e3o gratuita de 24 horas antes de atualizar para uma subscri\u00e7\u00e3o de longo prazo.<\/p><p>- Se tiver sido subscrito h\u00e1 mais de um m\u00eas e tiver problemas ou n\u00e3o estiver satisfeito com o nosso servi\u00e7o ap\u00f3s os primeiros 30 dias, podemos reembolsar o per\u00edodo restante da sua subscri\u00e7\u00e3o.<\/p><p>- Se tiver escolhido uma assinatura por engano em vez da desejada, pode tamb\u00e9m contactar-nos para proceder ao reembolso ap\u00f3s a avalia\u00e7\u00e3o do caso.<\/p><p>Casos n\u00e3o reembols\u00e1veis:<\/p><p>- O reembolso ser\u00e1 recusado se resultar de um mau funcionamento da sua parte (uma m\u00e1 liga\u00e7\u00e3o, um aparelho defeituoso e outros).<\/p><p>- O reembolso n\u00e3o \u00e9 v\u00e1lido para as subscri\u00e7\u00f5es de um (1) m\u00eas.<\/p><p>A nossa equipa est\u00e1 sempre \u00e0 sua disposi\u00e7\u00e3o se encontrar complica\u00e7\u00f5es na configura\u00e7\u00e3o do servi\u00e7o no seu dispositivo ou para quaisquer outros problemas t\u00e9cnicos, pode tamb\u00e9m consultar os nossos guias de instala\u00e7\u00e3o.<\/p><p>Para qualquer pedido de reembolso, contacte-nos por correio eletr\u00f3nico: contact@iptvsmart.io ou no nosso <a href=\"https:\/\/iptvsmart.io\/portugal\/contactos\/\" target=\"_blank\" rel=\"noopener\">p\u00e1gina de contacto<\/a><\/p>\t\t\t\t\t\t\t\t<\/div>\n\t\t\t\t<\/div>\n\t\t\t\t\t<\/div>\n\t\t<\/div>\n\t\t\t\t\t<\/div>\n\t\t<\/section>\n\t\t\t\t<\/div>","protected":false},"excerpt":{"rendered":"<p>Please read the following carefully before requesting a refund: We strongly believe in our service and support it unconditionally, but we understand that it cannot work perfectly for everyone, all the time. Before taking out a subscription, we advise you to request a free 24-hour trial, we have set up this option so that you [&hellip;]<\/p>","protected":false},"author":1,"featured_media":0,"parent":0,"menu_order":0,"comment_status":"closed","ping_status":"closed","template":"","meta":{"footnotes":""},"class_list":["post-5071","page","type-page","status-publish","hentry"],"yoast_head":"<!-- This site is optimized with the Yoast SEO Premium plugin v26.4 (Yoast SEO v26.4) - https:\/\/yoast.com\/wordpress\/plugins\/seo\/ -->\n<title>IPTV SMART | Best IPTV International Provider<\/title>\n<meta name=\"description\" content=\"Try the best IPTV experience! +20000 TV &amp; +45000 VOD. Fast and stable | IPTV SMART | 24h free IPTV trial | Watch now on any device!\" \/>\n<meta name=\"robots\" content=\"index, follow, max-snippet:-1, max-image-preview:large, max-video-preview:-1\" \/>\n<link rel=\"canonical\" href=\"https:\/\/iptvsmart.io\/portugal\/politica-de-reembolso\/\" \/>\n<meta property=\"og:locale\" content=\"pt_PT\" \/>\n<meta property=\"og:type\" content=\"article\" \/>\n<meta property=\"og:title\" content=\"IPTV SMART\" \/>\n<meta property=\"og:description\" content=\"Try the best IPTV experience! +20000 TV &amp; +45000 VOD. Fast and stable | IPTV SMART | 24h free IPTV trial | Watch now on any device!\" \/>\n<meta property=\"og:url\" content=\"https:\/\/iptvsmart.io\/portugal\/politica-de-reembolso\/\" \/>\n<meta property=\"og:site_name\" content=\"IPTV SMART\" \/>\n<meta property=\"article:modified_time\" content=\"2022-10-03T17:58:29+00:00\" \/>\n<meta property=\"og:image\" content=\"https:\/\/iptvsmart.io\/wp-content\/uploads\/2022\/09\/iptv-smart.png\" \/>\n\t<meta property=\"og:image:width\" content=\"1912\" \/>\n\t<meta property=\"og:image:height\" content=\"1364\" \/>\n\t<meta property=\"og:image:type\" content=\"image\/png\" \/>\n<meta name=\"twitter:card\" content=\"summary_large_image\" \/>\n<meta name=\"twitter:label1\" content=\"Tempo estimado de leitura\" \/>\n\t<meta name=\"twitter:data1\" content=\"1 minuto\" \/>\n<script type=\"application\/ld+json\" class=\"yoast-schema-graph\">{\"@context\":\"https:\/\/schema.org\",\"@graph\":[{\"@type\":\"WebPage\",\"@id\":\"https:\/\/iptvsmart.io\/refund-policy\/\",\"url\":\"https:\/\/iptvsmart.io\/refund-policy\/\",\"name\":\"IPTV SMART | Best IPTV International Provider\",\"isPartOf\":{\"@id\":\"https:\/\/iptvsmart.io\/#website\"},\"datePublished\":\"2022-10-03T17:53:28+00:00\",\"dateModified\":\"2022-10-03T17:58:29+00:00\",\"description\":\"Try the best IPTV experience! +20000 TV & +45000 VOD. Fast and stable | IPTV SMART | 24h free IPTV trial | Watch now on any device!\",\"breadcrumb\":{\"@id\":\"https:\/\/iptvsmart.io\/refund-policy\/#breadcrumb\"},\"inLanguage\":\"pt-PT\",\"potentialAction\":[{\"@type\":\"ReadAction\",\"target\":[\"https:\/\/iptvsmart.io\/refund-policy\/\"]}]},{\"@type\":\"BreadcrumbList\",\"@id\":\"https:\/\/iptvsmart.io\/refund-policy\/#breadcrumb\",\"itemListElement\":[{\"@type\":\"ListItem\",\"position\":1,\"name\":\"Home\",\"item\":\"https:\/\/iptvsmart.io\/official-iptv\/\"},{\"@type\":\"ListItem\",\"position\":2,\"name\":\"Refund Policy\"}]},{\"@type\":\"WebSite\",\"@id\":\"https:\/\/iptvsmart.io\/#website\",\"url\":\"https:\/\/iptvsmart.io\/\",\"name\":\"IPTV SMART\",\"description\":\"Best IPTV International provider\",\"publisher\":{\"@id\":\"https:\/\/iptvsmart.io\/#organization\"},\"potentialAction\":[{\"@type\":\"SearchAction\",\"target\":{\"@type\":\"EntryPoint\",\"urlTemplate\":\"https:\/\/iptvsmart.io\/?s={search_term_string}\"},\"query-input\":{\"@type\":\"PropertyValueSpecification\",\"valueRequired\":true,\"valueName\":\"search_term_string\"}}],\"inLanguage\":\"pt-PT\"},{\"@type\":\"Organization\",\"@id\":\"https:\/\/iptvsmart.io\/#organization\",\"name\":\"IPTV SMART\",\"alternateName\":\"Best IPTV provider\",\"url\":\"https:\/\/iptvsmart.io\/\",\"logo\":{\"@type\":\"ImageObject\",\"inLanguage\":\"pt-PT\",\"@id\":\"https:\/\/iptvsmart.io\/#\/schema\/logo\/image\/\",\"url\":\"https:\/\/iptvsmart.io\/wp-content\/uploads\/2022\/09\/iptv-smart.png\",\"contentUrl\":\"https:\/\/iptvsmart.io\/wp-content\/uploads\/2022\/09\/iptv-smart.png\",\"width\":1912,\"height\":1364,\"caption\":\"IPTV SMART\"},\"image\":{\"@id\":\"https:\/\/iptvsmart.io\/#\/schema\/logo\/image\/\"},\"description\":\"IPTV Smart is a premier provider of reliable and affordable IPTV services, offering access to over 40,000 live TV channels and 100,000+ movies and shows. Our platform features HD streaming, advanced AntiFreeze technology, and compatibility with all devices, including smart TVs, smartphones, and PCs. With 99.9% uptime and 24\/7 customer support, we deliver a seamless, global entertainment experience. Choose IPTV Smart for flexible plans, premium content, and the freedom to watch your favorite shows anytime, anywhere!\",\"email\":\"contact@iptvsmart.io\",\"legalName\":\"IPTV SMART\",\"foundingDate\":\"2010-08-02\",\"numberOfEmployees\":{\"@type\":\"QuantitativeValue\",\"minValue\":\"11\",\"maxValue\":\"50\"},\"publishingPrinciples\":\"https:\/\/iptvsmart.io\/refund-policy\/\",\"actionableFeedbackPolicy\":\"https:\/\/iptvsmart.io\/terms-conditions\/\"}]}<\/script>\n<!-- \/ Yoast SEO Premium plugin. -->","yoast_head_json":{"title":"IPTV SMART | Melhor Provedor Internacional de IPTV","description":"Experimente a melhor experi\u00eancia de IPTV! +20K TV &amp; +45K VOD. R\u00e1pido e est\u00e1vel | IPTV SMART | Melhor IPTV 2025 | Melhor Servi\u00e7o IPTV de Portugal.","robots":{"index":"index","follow":"follow","max-snippet":"max-snippet:-1","max-image-preview":"max-image-preview:large","max-video-preview":"max-video-preview:-1"},"canonical":"https:\/\/iptvsmart.io\/portugal\/politica-de-reembolso\/","og_locale":"pt_PT","og_type":"article","og_title":"IPTV SMART","og_description":"Try the best IPTV experience! +20000 TV & +45000 VOD. Fast and stable | IPTV SMART | 24h free IPTV trial | Watch now on any device!","og_url":"https:\/\/iptvsmart.io\/portugal\/politica-de-reembolso\/","og_site_name":"IPTV SMART","article_modified_time":"2022-10-03T17:58:29+00:00","og_image":[{"width":1912,"height":1364,"url":"https:\/\/iptvsmart.io\/wp-content\/uploads\/2022\/09\/iptv-smart.png","type":"image\/png"}],"twitter_card":"summary_large_image","twitter_misc":{"Tempo estimado de leitura":"1 minuto"},"schema":{"@context":"https:\/\/schema.org","@graph":[{"@type":"WebPage","@id":"https:\/\/iptvsmart.io\/refund-policy\/","url":"https:\/\/iptvsmart.io\/refund-policy\/","name":"IPTV SMART | Melhor Provedor Internacional de IPTV","isPartOf":{"@id":"https:\/\/iptvsmart.io\/#website"},"datePublished":"2022-10-03T17:53:28+00:00","dateModified":"2022-10-03T17:58:29+00:00","description":"Experimente a melhor experi\u00eancia de IPTV! +20K TV &amp; +45K VOD. R\u00e1pido e est\u00e1vel | IPTV SMART | Melhor IPTV 2025 | Melhor Servi\u00e7o IPTV de Portugal.","breadcrumb":{"@id":"https:\/\/iptvsmart.io\/refund-policy\/#breadcrumb"},"inLanguage":"pt-PT","potentialAction":[{"@type":"ReadAction","target":["https:\/\/iptvsmart.io\/refund-policy\/"]}]},{"@type":"BreadcrumbList","@id":"https:\/\/iptvsmart.io\/refund-policy\/#breadcrumb","itemListElement":[{"@type":"ListItem","position":1,"name":"Home","item":"https:\/\/iptvsmart.io\/official-iptv\/"},{"@type":"ListItem","position":2,"name":"Refund Policy"}]},{"@type":"WebSite","@id":"https:\/\/iptvsmart.io\/#website","url":"https:\/\/iptvsmart.io\/","name":"IPTV SMART","description":"Melhor fornecedor internacional de IPTV","publisher":{"@id":"https:\/\/iptvsmart.io\/#organization"},"potentialAction":[{"@type":"SearchAction","target":{"@type":"EntryPoint","urlTemplate":"https:\/\/iptvsmart.io\/?s={search_term_string}"},"query-input":{"@type":"PropertyValueSpecification","valueRequired":true,"valueName":"search_term_string"}}],"inLanguage":"pt-PT"},{"@type":"Organization","@id":"https:\/\/iptvsmart.io\/#organization","name":"IPTV SMART","alternateName":"Best IPTV provider","url":"https:\/\/iptvsmart.io\/","logo":{"@type":"ImageObject","inLanguage":"pt-PT","@id":"https:\/\/iptvsmart.io\/#\/schema\/logo\/image\/","url":"https:\/\/iptvsmart.io\/wp-content\/uploads\/2022\/09\/iptv-smart.png","contentUrl":"https:\/\/iptvsmart.io\/wp-content\/uploads\/2022\/09\/iptv-smart.png","width":1912,"height":1364,"caption":"IPTV SMART"},"image":{"@id":"https:\/\/iptvsmart.io\/#\/schema\/logo\/image\/"},"description":"A IPTV Smart \u00e9 o principal fornecedor de servi\u00e7os de IPTV fi\u00e1veis e econ\u00f3micos, oferecendo acesso a mais de 40.000 canais de TV em direto e mais de 100.000 filmes e programas. A nossa plataforma inclui streaming em HD, tecnologia avan\u00e7ada AntiFreeze e compatibilidade com todos os dispositivos, incluindo smart TVs, smartphones e PCs. Com um tempo de atividade de 99,9% e apoio ao cliente 24 horas por dia, 7 dias por semana, proporcionamos uma experi\u00eancia de entretenimento global e sem falhas. Escolha IPTV Smart para planos flex\u00edveis, conte\u00fado premium e a liberdade de assistir aos seus programas favoritos a qualquer hora, em qualquer lugar!","email":"contact@iptvsmart.io","legalName":"IPTV SMART","foundingDate":"2010-08-02","numberOfEmployees":{"@type":"QuantitativeValue","minValue":"11","maxValue":"50"},"publishingPrinciples":"https:\/\/iptvsmart.io\/refund-policy\/","actionableFeedbackPolicy":"https:\/\/iptvsmart.io\/terms-conditions\/"}]}},"_links":{"self":[{"href":"https:\/\/iptvsmart.io\/portugal\/wp-json\/wp\/v2\/pages\/5071","targetHints":{"allow":["GET"]}}],"collection":[{"href":"https:\/\/iptvsmart.io\/portugal\/wp-json\/wp\/v2\/pages"}],"about":[{"href":"https:\/\/iptvsmart.io\/portugal\/wp-json\/wp\/v2\/types\/page"}],"author":[{"embeddable":true,"href":"https:\/\/iptvsmart.io\/portugal\/wp-json\/wp\/v2\/users\/1"}],"replies":[{"embeddable":true,"href":"https:\/\/iptvsmart.io\/portugal\/wp-json\/wp\/v2\/comments?post=5071"}],"version-history":[{"count":0,"href":"https:\/\/iptvsmart.io\/portugal\/wp-json\/wp\/v2\/pages\/5071\/revisions"}],"wp:attachment":[{"href":"https:\/\/iptvsmart.io\/portugal\/wp-json\/wp\/v2\/media?parent=5071"}],"curies":[{"name":"wp","href":"https:\/\/api.w.org\/{rel}","templated":true}]}}