{"id":5076,"date":"2022-10-03T18:04:31","date_gmt":"2022-10-03T18:04:31","guid":{"rendered":"https:\/\/iptvsmart.io\/?page_id=5076"},"modified":"2022-10-03T18:10:38","modified_gmt":"2022-10-03T18:10:38","slug":"termos-e-condicoes","status":"publish","type":"page","link":"https:\/\/iptvsmart.io\/portugal\/termos-e-condicoes\/","title":{"rendered":"Terms &amp; Conditions"},"content":{"rendered":"<div data-elementor-type=\"wp-page\" data-elementor-id=\"5076\" class=\"elementor elementor-5076\">\n\t\t\t\t\t\t<section class=\"elementor-section elementor-top-section elementor-element elementor-element-21bdd14 elementor-section-boxed elementor-section-height-default elementor-section-height-default\" data-id=\"21bdd14\" data-element_type=\"section\">\n\t\t\t\t\t\t<div class=\"elementor-container elementor-column-gap-default\">\n\t\t\t\t\t<div class=\"elementor-column elementor-col-100 elementor-top-column elementor-element elementor-element-3e4e30c ot-flex-column-vertical\" data-id=\"3e4e30c\" data-element_type=\"column\">\n\t\t\t<div class=\"elementor-widget-wrap elementor-element-populated\">\n\t\t\t\t\t\t<div class=\"elementor-element elementor-element-eff9495 elementor-widget elementor-widget-text-editor\" data-id=\"eff9495\" data-element_type=\"widget\" data-settings=\"{&quot;htmega_fe&quot;:&quot;no&quot;}\" data-widget_type=\"text-editor.default\">\n\t\t\t\t<div class=\"elementor-widget-container\">\n\t\t\t\t\t\t\t\t\t<div class=\"vc_row wpb_row vc_row-fluid vc_row_visible\" data-vc-full-width=\"true\" data-vc-full-width-init=\"true\"><div class=\"wpb_column vc_column_container vc_col-sm-12 vc_col-md-offset-2 vc_col-md-8 text-left\"><div class=\"vc_column-inner\"><div class=\"wpb_wrapper\"><div id=\"highlighted-text-186707529\" class=\"text-center vc_custom_1605062381350\">\u00a0<\/div><div id=\"1605059889690-c037aae1-864e\" class=\"text-center vc_custom_1605060073408\" style=\"text-align: center;\"><h5 class=\"font-weight-bold text-heading-default\">Condi\u00e7\u00f5es<\/h5><div class=\"text-text-gray\">\u00a0<\/div><\/div><div class=\"pix-el-text slide-in-container w-100 vc_custom_1633538546883\" style=\"text-align: center;\"><p class=\"text-18 text-body-default\">Acedendo ao s\u00edtio Web em <a href=\"https:\/\/iptvsmart.io\/portugal\/\">https:\/\/iptvsmart.io<\/a> o utilizador concorda em ficar vinculado aos presentes termos de servi\u00e7o, a todas as leis e regulamentos aplic\u00e1veis e concorda que \u00e9 respons\u00e1vel pelo cumprimento de quaisquer leis locais aplic\u00e1veis. Se o utilizador n\u00e3o concordar com qualquer um destes termos, est\u00e1 proibido de utilizar ou aceder a este s\u00edtio. Os materiais contidos neste s\u00edtio Web est\u00e3o protegidos pela legisla\u00e7\u00e3o aplic\u00e1vel em mat\u00e9ria de direitos de autor e marcas comerciais.<\/p><\/div><\/div><\/div><\/div><\/div><div class=\"vc_row-full-width vc_clearfix\" style=\"text-align: center;\">\u00a0<\/div><div class=\"vc_row wpb_row vc_row-fluid vc_row_visible vc_custom_1605062476769\" style=\"text-align: center;\" data-vc-full-width=\"true\" data-vc-full-width-init=\"true\"><div class=\"wpb_column vc_column_container vc_col-sm-12 vc_col-md-offset-2 vc_col-md-8 text-left\"><div class=\"vc_column-inner\"><div class=\"wpb_wrapper\"><div id=\"1605060094418-a69389f6-ee86\" class=\"text-center vc_custom_1605060056262\"><div class=\"d-inline-block\">\u00a0<\/div><h5 class=\"font-weight-bold text-heading-default\">Licen\u00e7a de utiliza\u00e7\u00e3o<\/h5><div class=\"text-text-gray\">\u00a0<\/div><\/div><div class=\"pix-el-text slide-in-container w-100\"><p class=\"text-18 text-body-default\">Comprometemo-nos a conduzir a nossa atividade de acordo com estes princ\u00edpios, a fim de garantir a prote\u00e7\u00e3o e a manuten\u00e7\u00e3o da confidencialidade das informa\u00e7\u00f5es pessoais. PixFort pode modificar esta pol\u00edtica de confidencialidade de tempos a tempos, a crit\u00e9rio exclusivo de PixFort.<\/p><\/div><div id=\"duo-icon-132831686\" class=\"slide-in-container w-100 vc_custom_1605060975837\"><div class=\"py-2\"><div class=\"pix-feature-list text-20 font-weight-bold secondary-font py-2 d-flex align-items-center\"><div class=\"pix-mr-10 text-primary\">\u00a0<\/div><p><span class=\"text-body-default\">modificar ou copiar os materiais;<\/span><\/p><\/div><div class=\"pix-feature-list text-20 font-weight-bold secondary-font py-2 d-flex align-items-center\"><div class=\"pix-mr-10 text-primary\">\u00a0<\/div><p><span class=\"text-body-default\">utilizar os materiais para qualquer fim comercial;<\/span><\/p><\/div><div class=\"pix-feature-list text-20 font-weight-bold secondary-font py-2 d-flex align-items-center\"><div class=\"pix-mr-10 text-primary\">\u00a0<\/div><p><span class=\"text-body-default\">transferir os materiais para outra pessoa ou materiais;<\/span><\/p><\/div><div class=\"pix-feature-list text-20 font-weight-bold secondary-font py-2 d-flex align-items-center\"><div class=\"pix-mr-10 text-primary\">\u00a0<\/div><p><span class=\"text-body-default\">tentar descompilar ou efetuar engenharia inversa de qualquer software;<\/span><\/p><\/div><\/div><\/div><div id=\"duo-icon-39832173\" class=\"slide-in-container w-100 vc_custom_1605060981158\"><div class=\"py-2\"><div class=\"pix-feature-list text-20 font-weight-bold secondary-font py-2 d-flex align-items-center\"><div class=\"pix-mr-10 text-red\">\u00a0<\/div><p><span class=\"text-body-default\">remover quaisquer direitos de autor ou outras nota\u00e7\u00f5es de propriedade;<\/span><\/p><\/div><div class=\"pix-feature-list text-20 font-weight-bold secondary-font py-2 d-flex align-items-center\"><div class=\"pix-mr-10 text-red\">\u00a0<\/div><p><span class=\"text-body-default\">transferir os materiais para outra pessoa ou \"espelhar\" os materiais.<\/span><\/p><\/div><\/div><\/div><\/div><\/div><\/div><\/div><div class=\"vc_row-full-width vc_clearfix\" style=\"text-align: center;\">\u00a0<\/div><div class=\"vc_row wpb_row vc_row-fluid vc_row_visible vc_custom_1605062482321\" style=\"text-align: center;\" data-vc-full-width=\"true\" data-vc-full-width-init=\"true\"><div class=\"wpb_column vc_column_container vc_col-sm-12 vc_col-md-offset-2 vc_col-md-8 text-left\"><div class=\"vc_column-inner\"><div class=\"wpb_wrapper\"><div id=\"1605060389144-5e6c1892-8897\" class=\"text-center vc_custom_1605060448924\"><div class=\"d-inline-block\">\u00a0<\/div><h5 class=\"font-weight-bold text-heading-default\">Declara\u00e7\u00e3o de exonera\u00e7\u00e3o de responsabilidade<\/h5><div class=\"text-text-gray\">\u00a0<\/div><\/div><div class=\"pix-el-text slide-in-container w-100\"><p class=\"text-18 text-body-default\">Os materiais no s\u00edtio Web da IPTV SMART s\u00e3o fornecidos numa base \"tal como est\u00e1\". <a href=\"https:\/\/iptvsmart.io\/portugal\/\">IPTV SMART<\/a> n\u00e3o d\u00e1 quaisquer garantias, expressas ou impl\u00edcitas, e por este meio renuncia e nega todas as outras garantias, incluindo, sem limita\u00e7\u00e3o, garantias impl\u00edcitas ou condi\u00e7\u00f5es de comercializa\u00e7\u00e3o, adequa\u00e7\u00e3o a um determinado fim, ou n\u00e3o-infra\u00e7\u00e3o de propriedade intelectual ou outra viola\u00e7\u00e3o de direitos.<\/p><\/div><\/div><\/div><\/div><\/div><div class=\"vc_row-full-width vc_clearfix\" style=\"text-align: center;\">\u00a0<\/div><div class=\"vc_row wpb_row vc_row-fluid vc_row_visible vc_custom_1605062487460\" data-vc-full-width=\"true\" data-vc-full-width-init=\"true\"><div class=\"wpb_column vc_column_container vc_col-sm-12 vc_col-md-offset-2 vc_col-md-8 text-left\"><div class=\"vc_column-inner\"><div class=\"wpb_wrapper\"><div id=\"1605060623213-4f32de0b-37da\" class=\"text-center vc_custom_1605060572439\" style=\"text-align: center;\"><div class=\"d-inline-block\">\u00a0<\/div><h5 class=\"font-weight-bold text-heading-default\">Pol\u00edtica de privacidade<\/h5><div class=\"text-text-gray\">\u00a0<\/div><\/div><div class=\"pix-el-text slide-in-container w-100\" style=\"text-align: center;\"><p class=\"text-18 text-body-default\">A sua privacidade \u00e9 importante para n\u00f3s.<\/p><p>\u00c9 pol\u00edtica da IPTV SMART respeitar a sua privacidade em rela\u00e7\u00e3o a qualquer informa\u00e7\u00e3o que possamos recolher durante a opera\u00e7\u00e3o do nosso s\u00edtio Web. Por conseguinte, desenvolvemos esta pol\u00edtica de privacidade para que o utilizador compreenda a forma como recolhemos, utilizamos, comunicamos, divulgamos e utilizamos as informa\u00e7\u00f5es pessoais. A nossa pol\u00edtica de privacidade \u00e9 descrita de seguida.<\/p><\/div><div id=\"1605060550951-75e41462-a7c6\" class=\"media vc_custom_1605060741751\" style=\"text-align: center;\"><div class=\"mr-3 text-primary\">\u00a0<\/div><div class=\"media-body\"><h6 class=\"text-heading-default\">\u00a0<\/h6><div class=\"text-body-default text-18\">A recolha de informa\u00e7\u00f5es pessoais ser\u00e1 efectuada por meios legais e justos e, se for caso disso, com o conhecimento ou o consentimento da pessoa em causa.<\/div><\/div><\/div><div id=\"1605060734582-18728590-48e2\" class=\"media vc_custom_1605060752993\" style=\"text-align: center;\"><div class=\"mr-3 text-primary\">\u00a0<\/div><div class=\"media-body\"><h6 class=\"text-heading-default\">\u00a0<\/h6><div class=\"text-body-default text-18\">Antes ou no momento da recolha de informa\u00e7\u00f5es pessoais, identificaremos as finalidades para as quais as informa\u00e7\u00f5es est\u00e3o a ser recolhidas.<\/div><\/div><\/div><div id=\"1605060755602-7a9138c8-a48f\" class=\"media vc_custom_1605060763542\" style=\"text-align: center;\"><div class=\"mr-3 text-primary\">\u00a0<\/div><div class=\"media-body\"><h6 class=\"text-heading-default\">\u00a0<\/h6><div class=\"text-body-default text-18\">Recolheremos e utilizaremos as informa\u00e7\u00f5es pessoais apenas para cumprir os objectivos especificados por n\u00f3s e para outros fins auxiliares, a menos que obtenhamos o consentimento da pessoa em causa ou conforme exigido por lei.<\/div><\/div><\/div><div id=\"1605060766296-4e17b93b-d498\" class=\"media vc_custom_1605060773267\" style=\"text-align: center;\"><div class=\"mr-3 text-primary\">\u00a0<\/div><div class=\"media-body\"><h6 class=\"text-heading-default\">\u00a0<\/h6><div class=\"text-body-default text-18\">Os dados pessoais devem ser relevantes para os fins para os quais ser\u00e3o utilizados e, na medida do necess\u00e1rio para esses fins, devem ser exactos, completos e actualizados.<\/div><\/div><\/div><div id=\"1605060777810-28e43e87-5426\" class=\"media vc_custom_1605060782290\" style=\"text-align: center;\"><div class=\"mr-3 text-primary\">\u00a0<\/div><div class=\"media-body\"><h6 class=\"text-heading-default\">\u00a0<\/h6><div class=\"text-body-default text-18\">Protegeremos as informa\u00e7\u00f5es pessoais utilizando medidas de seguran\u00e7a razo\u00e1veis contra perda ou roubo, bem como contra acesso, divulga\u00e7\u00e3o, c\u00f3pia, utiliza\u00e7\u00e3o ou modifica\u00e7\u00e3o n\u00e3o autorizados.<\/div><\/div><\/div><div id=\"1605060788645-350b7965-ef77\" class=\"media vc_custom_1605060801689\" style=\"text-align: center;\"><div class=\"mr-3 text-primary\">\u00a0<\/div><div class=\"media-body\"><h6 class=\"text-heading-default\">\u00a0<\/h6><div class=\"text-body-default text-18\">Conservaremos as informa\u00e7\u00f5es pessoais apenas durante o tempo necess\u00e1rio para o cumprimento desses objectivos.<\/div><\/div><\/div><div class=\"pix-el-text slide-in-container w-100 vc_custom_1636064533312\"><p class=\"text-18 text-body-default\" style=\"text-align: center;\">Comprometemo-nos a conduzir a nossa atividade de acordo com estes princ\u00edpios, a fim de garantir que a confidencialidade das informa\u00e7\u00f5es pessoais seja protegida e mantida. A IPTV SMART pode alterar esta pol\u00edtica de privacidade de tempos a tempos, a crit\u00e9rio exclusivo da IPTV SMART.<\/p><\/div><\/div><\/div><\/div><\/div>\t\t\t\t\t\t\t\t<\/div>\n\t\t\t\t<\/div>\n\t\t\t\t\t<\/div>\n\t\t<\/div>\n\t\t\t\t\t<\/div>\n\t\t<\/section>\n\t\t\t\t<\/div>","protected":false},"excerpt":{"rendered":"<p>\u00a0 Terms \u00a0 By accessing the website at https:\/\/iptvsmart.io you are agreeing to be bound by these terms of service, all applicable laws and regulations, and agree that you are responsible for compliance with any applicable local laws. If you do not agree with any of these terms, you are prohibited from using or accessing [&hellip;]<\/p>","protected":false},"author":1,"featured_media":0,"parent":0,"menu_order":0,"comment_status":"closed","ping_status":"closed","template":"","meta":{"footnotes":""},"class_list":["post-5076","page","type-page","status-publish","hentry"],"yoast_head":"<!-- This site is optimized with the Yoast SEO Premium plugin v26.4 (Yoast SEO v26.4) - https:\/\/yoast.com\/wordpress\/plugins\/seo\/ -->\n<title>IPTV SMART | Best IPTV International Provider<\/title>\n<meta name=\"description\" content=\"Try the best IPTV experience! +20000 TV &amp; +45000 VOD. Fast and stable | IPTV SMART | 24h free IPTV trial | Watch now on any device!\" \/>\n<meta name=\"robots\" content=\"index, follow, max-snippet:-1, max-image-preview:large, max-video-preview:-1\" \/>\n<link rel=\"canonical\" href=\"https:\/\/iptvsmart.io\/portugal\/termos-e-condicoes\/\" \/>\n<meta property=\"og:locale\" content=\"pt_PT\" \/>\n<meta property=\"og:type\" content=\"article\" \/>\n<meta property=\"og:title\" content=\"IPTV SMART\" \/>\n<meta property=\"og:description\" content=\"Try the best IPTV experience! +20000 TV &amp; +45000 VOD. Fast and stable | IPTV SMART | 24h free IPTV trial | Watch now on any device!\" \/>\n<meta property=\"og:url\" content=\"https:\/\/iptvsmart.io\/portugal\/termos-e-condicoes\/\" \/>\n<meta property=\"og:site_name\" content=\"IPTV SMART\" \/>\n<meta property=\"article:modified_time\" content=\"2022-10-03T18:10:38+00:00\" \/>\n<meta property=\"og:image\" content=\"https:\/\/iptvsmart.io\/wp-content\/uploads\/2022\/09\/iptv-smart.png\" \/>\n\t<meta property=\"og:image:width\" content=\"1912\" \/>\n\t<meta property=\"og:image:height\" content=\"1364\" \/>\n\t<meta property=\"og:image:type\" content=\"image\/png\" \/>\n<meta name=\"twitter:card\" content=\"summary_large_image\" \/>\n<meta name=\"twitter:label1\" content=\"Tempo estimado de leitura\" \/>\n\t<meta name=\"twitter:data1\" content=\"2 minutos\" \/>\n<script type=\"application\/ld+json\" class=\"yoast-schema-graph\">{\"@context\":\"https:\/\/schema.org\",\"@graph\":[{\"@type\":\"WebPage\",\"@id\":\"https:\/\/iptvsmart.io\/terms-conditions\/\",\"url\":\"https:\/\/iptvsmart.io\/terms-conditions\/\",\"name\":\"IPTV SMART | Best IPTV International Provider\",\"isPartOf\":{\"@id\":\"https:\/\/iptvsmart.io\/#website\"},\"datePublished\":\"2022-10-03T18:04:31+00:00\",\"dateModified\":\"2022-10-03T18:10:38+00:00\",\"description\":\"Try the best IPTV experience! +20000 TV & +45000 VOD. Fast and stable | IPTV SMART | 24h free IPTV trial | Watch now on any device!\",\"breadcrumb\":{\"@id\":\"https:\/\/iptvsmart.io\/terms-conditions\/#breadcrumb\"},\"inLanguage\":\"pt-PT\",\"potentialAction\":[{\"@type\":\"ReadAction\",\"target\":[\"https:\/\/iptvsmart.io\/terms-conditions\/\"]}]},{\"@type\":\"BreadcrumbList\",\"@id\":\"https:\/\/iptvsmart.io\/terms-conditions\/#breadcrumb\",\"itemListElement\":[{\"@type\":\"ListItem\",\"position\":1,\"name\":\"Home\",\"item\":\"https:\/\/iptvsmart.io\/official-iptv\/\"},{\"@type\":\"ListItem\",\"position\":2,\"name\":\"Terms &#038; Conditions\"}]},{\"@type\":\"WebSite\",\"@id\":\"https:\/\/iptvsmart.io\/#website\",\"url\":\"https:\/\/iptvsmart.io\/\",\"name\":\"IPTV SMART\",\"description\":\"Best IPTV International provider\",\"publisher\":{\"@id\":\"https:\/\/iptvsmart.io\/#organization\"},\"potentialAction\":[{\"@type\":\"SearchAction\",\"target\":{\"@type\":\"EntryPoint\",\"urlTemplate\":\"https:\/\/iptvsmart.io\/?s={search_term_string}\"},\"query-input\":{\"@type\":\"PropertyValueSpecification\",\"valueRequired\":true,\"valueName\":\"search_term_string\"}}],\"inLanguage\":\"pt-PT\"},{\"@type\":\"Organization\",\"@id\":\"https:\/\/iptvsmart.io\/#organization\",\"name\":\"IPTV SMART\",\"alternateName\":\"Best IPTV provider\",\"url\":\"https:\/\/iptvsmart.io\/\",\"logo\":{\"@type\":\"ImageObject\",\"inLanguage\":\"pt-PT\",\"@id\":\"https:\/\/iptvsmart.io\/#\/schema\/logo\/image\/\",\"url\":\"https:\/\/iptvsmart.io\/wp-content\/uploads\/2022\/09\/iptv-smart.png\",\"contentUrl\":\"https:\/\/iptvsmart.io\/wp-content\/uploads\/2022\/09\/iptv-smart.png\",\"width\":1912,\"height\":1364,\"caption\":\"IPTV SMART\"},\"image\":{\"@id\":\"https:\/\/iptvsmart.io\/#\/schema\/logo\/image\/\"},\"description\":\"IPTV Smart is a premier provider of reliable and affordable IPTV services, offering access to over 40,000 live TV channels and 100,000+ movies and shows. Our platform features HD streaming, advanced AntiFreeze technology, and compatibility with all devices, including smart TVs, smartphones, and PCs. With 99.9% uptime and 24\/7 customer support, we deliver a seamless, global entertainment experience. Choose IPTV Smart for flexible plans, premium content, and the freedom to watch your favorite shows anytime, anywhere!\",\"email\":\"contact@iptvsmart.io\",\"legalName\":\"IPTV SMART\",\"foundingDate\":\"2010-08-02\",\"numberOfEmployees\":{\"@type\":\"QuantitativeValue\",\"minValue\":\"11\",\"maxValue\":\"50\"},\"publishingPrinciples\":\"https:\/\/iptvsmart.io\/refund-policy\/\",\"actionableFeedbackPolicy\":\"https:\/\/iptvsmart.io\/terms-conditions\/\"}]}<\/script>\n<!-- \/ Yoast SEO Premium plugin. -->","yoast_head_json":{"title":"IPTV SMART | Melhor Provedor Internacional de IPTV","description":"Experimente a melhor experi\u00eancia de IPTV! +20K TV &amp; +45K VOD. R\u00e1pido e est\u00e1vel | IPTV SMART | Melhor IPTV 2025 | Melhor Servi\u00e7o IPTV de Portugal.","robots":{"index":"index","follow":"follow","max-snippet":"max-snippet:-1","max-image-preview":"max-image-preview:large","max-video-preview":"max-video-preview:-1"},"canonical":"https:\/\/iptvsmart.io\/portugal\/termos-e-condicoes\/","og_locale":"pt_PT","og_type":"article","og_title":"IPTV SMART","og_description":"Try the best IPTV experience! +20000 TV & +45000 VOD. Fast and stable | IPTV SMART | 24h free IPTV trial | Watch now on any device!","og_url":"https:\/\/iptvsmart.io\/portugal\/termos-e-condicoes\/","og_site_name":"IPTV SMART","article_modified_time":"2022-10-03T18:10:38+00:00","og_image":[{"width":1912,"height":1364,"url":"https:\/\/iptvsmart.io\/wp-content\/uploads\/2022\/09\/iptv-smart.png","type":"image\/png"}],"twitter_card":"summary_large_image","twitter_misc":{"Tempo estimado de leitura":"2 minutos"},"schema":{"@context":"https:\/\/schema.org","@graph":[{"@type":"WebPage","@id":"https:\/\/iptvsmart.io\/terms-conditions\/","url":"https:\/\/iptvsmart.io\/terms-conditions\/","name":"IPTV SMART | Melhor Provedor Internacional de IPTV","isPartOf":{"@id":"https:\/\/iptvsmart.io\/#website"},"datePublished":"2022-10-03T18:04:31+00:00","dateModified":"2022-10-03T18:10:38+00:00","description":"Experimente a melhor experi\u00eancia de IPTV! +20K TV &amp; +45K VOD. R\u00e1pido e est\u00e1vel | IPTV SMART | Melhor IPTV 2025 | Melhor Servi\u00e7o IPTV de Portugal.","breadcrumb":{"@id":"https:\/\/iptvsmart.io\/terms-conditions\/#breadcrumb"},"inLanguage":"pt-PT","potentialAction":[{"@type":"ReadAction","target":["https:\/\/iptvsmart.io\/terms-conditions\/"]}]},{"@type":"BreadcrumbList","@id":"https:\/\/iptvsmart.io\/terms-conditions\/#breadcrumb","itemListElement":[{"@type":"ListItem","position":1,"name":"Home","item":"https:\/\/iptvsmart.io\/official-iptv\/"},{"@type":"ListItem","position":2,"name":"Terms &#038; Conditions"}]},{"@type":"WebSite","@id":"https:\/\/iptvsmart.io\/#website","url":"https:\/\/iptvsmart.io\/","name":"IPTV SMART","description":"Melhor fornecedor internacional de IPTV","publisher":{"@id":"https:\/\/iptvsmart.io\/#organization"},"potentialAction":[{"@type":"SearchAction","target":{"@type":"EntryPoint","urlTemplate":"https:\/\/iptvsmart.io\/?s={search_term_string}"},"query-input":{"@type":"PropertyValueSpecification","valueRequired":true,"valueName":"search_term_string"}}],"inLanguage":"pt-PT"},{"@type":"Organization","@id":"https:\/\/iptvsmart.io\/#organization","name":"IPTV SMART","alternateName":"Best IPTV provider","url":"https:\/\/iptvsmart.io\/","logo":{"@type":"ImageObject","inLanguage":"pt-PT","@id":"https:\/\/iptvsmart.io\/#\/schema\/logo\/image\/","url":"https:\/\/iptvsmart.io\/wp-content\/uploads\/2022\/09\/iptv-smart.png","contentUrl":"https:\/\/iptvsmart.io\/wp-content\/uploads\/2022\/09\/iptv-smart.png","width":1912,"height":1364,"caption":"IPTV SMART"},"image":{"@id":"https:\/\/iptvsmart.io\/#\/schema\/logo\/image\/"},"description":"A IPTV Smart \u00e9 o principal fornecedor de servi\u00e7os de IPTV fi\u00e1veis e econ\u00f3micos, oferecendo acesso a mais de 40.000 canais de TV em direto e mais de 100.000 filmes e programas. A nossa plataforma inclui streaming em HD, tecnologia avan\u00e7ada AntiFreeze e compatibilidade com todos os dispositivos, incluindo smart TVs, smartphones e PCs. Com um tempo de atividade de 99,9% e apoio ao cliente 24 horas por dia, 7 dias por semana, proporcionamos uma experi\u00eancia de entretenimento global e sem falhas. Escolha IPTV Smart para planos flex\u00edveis, conte\u00fado premium e a liberdade de assistir aos seus programas favoritos a qualquer hora, em qualquer lugar!","email":"contact@iptvsmart.io","legalName":"IPTV SMART","foundingDate":"2010-08-02","numberOfEmployees":{"@type":"QuantitativeValue","minValue":"11","maxValue":"50"},"publishingPrinciples":"https:\/\/iptvsmart.io\/refund-policy\/","actionableFeedbackPolicy":"https:\/\/iptvsmart.io\/terms-conditions\/"}]}},"_links":{"self":[{"href":"https:\/\/iptvsmart.io\/portugal\/wp-json\/wp\/v2\/pages\/5076","targetHints":{"allow":["GET"]}}],"collection":[{"href":"https:\/\/iptvsmart.io\/portugal\/wp-json\/wp\/v2\/pages"}],"about":[{"href":"https:\/\/iptvsmart.io\/portugal\/wp-json\/wp\/v2\/types\/page"}],"author":[{"embeddable":true,"href":"https:\/\/iptvsmart.io\/portugal\/wp-json\/wp\/v2\/users\/1"}],"replies":[{"embeddable":true,"href":"https:\/\/iptvsmart.io\/portugal\/wp-json\/wp\/v2\/comments?post=5076"}],"version-history":[{"count":0,"href":"https:\/\/iptvsmart.io\/portugal\/wp-json\/wp\/v2\/pages\/5076\/revisions"}],"wp:attachment":[{"href":"https:\/\/iptvsmart.io\/portugal\/wp-json\/wp\/v2\/media?parent=5076"}],"curies":[{"name":"wp","href":"https:\/\/api.w.org\/{rel}","templated":true}]}}